{"id":9690,"date":"2019-08-23T03:39:56","date_gmt":"2019-08-23T03:39:56","guid":{"rendered":"https:\/\/fundacionmabbua.org\/casa-mabbua\/"},"modified":"2025-08-11T17:19:41","modified_gmt":"2025-08-11T23:19:41","slug":"contacto","status":"publish","type":"page","link":"https:\/\/fundacionmabbua.org\/es\/contacto\/","title":{"rendered":"Contacto"},"content":{"rendered":"<body>\t\t<div data-elementor-type=\"wp-post\" data-elementor-id=\"9690\" class=\"elementor elementor-9690\">\n\t\t\t\t\t\t<section class=\"elementor-section elementor-top-section elementor-element elementor-element-ec5c7b7 elementor-section-full_width elementor-section-stretched elementor-section-height-default elementor-section-height-default\" data-id=\"ec5c7b7\" data-element_type=\"section\" data-settings='{\"stretch_section\":\"section-stretched\",\"background_background\":\"classic\"}'>\n\t\t\t\t\t\t<div class=\"elementor-container elementor-column-gap-default\">\n\t\t\t\t\t<div class=\"elementor-column elementor-col-100 elementor-top-column elementor-element elementor-element-cfc4637\" data-id=\"cfc4637\" data-element_type=\"column\">\n\t\t\t<div class=\"elementor-widget-wrap elementor-element-populated\">\n\t\t\t\t\t\t<div class=\"elementor-element elementor-element-6182d08 elementor-align-center font-mabbua elementor-widget elementor-widget-heading\" data-id=\"6182d08\" data-element_type=\"widget\" data-widget_type=\"heading.default\">\n\t\t\t\t<div class=\"elementor-widget-container\">\n\t\t\t\t\t<span class=\"sub-title\">Cont\u00e1ctanos<\/span><h2 class=\"elementor-heading-title elementor-size-default\">HABLA CON NOSOTROS<\/h2>\t\t\t\t<\/div>\n\t\t\t\t<\/div>\n\t\t\t\t<section class=\"elementor-section elementor-inner-section elementor-element elementor-element-d7f61a7 elementor-section-boxed elementor-section-height-default elementor-section-height-default\" data-id=\"d7f61a7\" data-element_type=\"section\">\n\t\t\t\t\t\t<div class=\"elementor-container elementor-column-gap-default\">\n\t\t\t\t\t<div class=\"elementor-column elementor-col-33 elementor-inner-column elementor-element elementor-element-8afcb1a\" data-id=\"8afcb1a\" data-element_type=\"column\" data-settings='{\"background_background\":\"classic\"}'>\n\t\t\t<div class=\"elementor-widget-wrap elementor-element-populated\">\n\t\t\t\t\t\t<div class=\"elementor-element elementor-element-d99ef50 elementor-view-default elementor-position-top icon-box-default elementor-vertical-align-top elementor-widget elementor-widget-icon-box\" data-id=\"d99ef50\" data-element_type=\"widget\" data-widget_type=\"icon-box.default\">\n\t\t\t\t<div class=\"elementor-widget-container\">\n\t\t\t\t\t        <div class=\"elementor-icon-box-wrapper\">\n                            <div class=\"elementor-icon-box-svg\">\n                    <img decoding=\"async\" src=\"https:\/\/fundacionmabbua.org\/wp-content\/uploads\/2022\/06\/icon_1.svg\" alt=\"\" loading=\"lazy\">\n                <\/div>\n                        <div class=\"elementor-icon-box-content\">\n                 <h3 class=\"elementor-icon-box-title\">\n                     <a href=\"tel:+523316484812\">Llamada telef\u00f3nica<\/a>\n                 <\/h3>\n\n                                                    <p class=\"elementor-icon-box-description\"><a href=\"tel:+523320422002\">+52 33 2042 2002<\/a><\/p>\n                \n                \n            <\/div>\n        <\/div>\n        \t\t\t\t<\/div>\n\t\t\t\t<\/div>\n\t\t\t\t\t<\/div>\n\t\t<\/div>\n\t\t\t\t<div class=\"elementor-column elementor-col-33 elementor-inner-column elementor-element elementor-element-0a0144b\" data-id=\"0a0144b\" data-element_type=\"column\" data-settings='{\"background_background\":\"classic\"}'>\n\t\t\t<div class=\"elementor-widget-wrap elementor-element-populated\">\n\t\t\t\t\t\t<div class=\"elementor-element elementor-element-83ab34a elementor-view-default elementor-position-top icon-box-default elementor-vertical-align-top elementor-widget elementor-widget-icon-box\" data-id=\"83ab34a\" data-element_type=\"widget\" data-widget_type=\"icon-box.default\">\n\t\t\t\t<div class=\"elementor-widget-container\">\n\t\t\t\t\t        <div class=\"elementor-icon-box-wrapper\">\n                            <div class=\"elementor-icon-box-svg\">\n                    <img decoding=\"async\" src=\"https:\/\/fundacionmabbua.org\/wp-content\/uploads\/2022\/06\/icon_2.svg\" alt=\"\" loading=\"lazy\">\n                <\/div>\n                        <div class=\"elementor-icon-box-content\">\n                 <h3 class=\"elementor-icon-box-title\">\n                     <span>Correo<\/span>\n                 <\/h3>\n\n                                                    <p class=\"elementor-icon-box-description\"><a href=\"mailto:contacto@fundacionmabbua.org\">contacto@fundacionmabbua.org<\/a><\/p>\n                \n                \n            <\/div>\n        <\/div>\n        \t\t\t\t<\/div>\n\t\t\t\t<\/div>\n\t\t\t\t\t<\/div>\n\t\t<\/div>\n\t\t\t\t<div class=\"elementor-column elementor-col-33 elementor-inner-column elementor-element elementor-element-fc866ee\" data-id=\"fc866ee\" data-element_type=\"column\" data-settings='{\"background_background\":\"classic\"}'>\n\t\t\t<div class=\"elementor-widget-wrap elementor-element-populated\">\n\t\t\t\t\t\t<div class=\"elementor-element elementor-element-79ef660 elementor-view-default elementor-position-top icon-box-default elementor-vertical-align-top elementor-widget elementor-widget-icon-box\" data-id=\"79ef660\" data-element_type=\"widget\" data-widget_type=\"icon-box.default\">\n\t\t\t\t<div class=\"elementor-widget-container\">\n\t\t\t\t\t        <div class=\"elementor-icon-box-wrapper\">\n                            <div class=\"elementor-icon-box-svg\">\n                    <img decoding=\"async\" src=\"https:\/\/fundacionmabbua.org\/wp-content\/uploads\/2022\/06\/icon_3.svg\" alt=\"\" loading=\"lazy\">\n                <\/div>\n                        <div class=\"elementor-icon-box-content\">\n                 <h3 class=\"elementor-icon-box-title\">\n                     <span>Whatsapp<\/span>\n                 <\/h3>\n\n                                                    <p class=\"elementor-icon-box-description\"><a href=\"https:\/\/api.whatsapp.com\/send?phone=+523320422002&amp;text=Hola%21%20Quisiera%20m%C3%A1s%20informaci%C3%B3n\">+52 33 2042 2002<\/a><\/p>\n                \n                \n            <\/div>\n        <\/div>\n        \t\t\t\t<\/div>\n\t\t\t\t<\/div>\n\t\t\t\t\t<\/div>\n\t\t<\/div>\n\t\t\t\t\t<\/div>\n\t\t<\/section>\n\t\t\t\t\t<\/div>\n\t\t<\/div>\n\t\t\t\t\t<\/div>\n\t\t<\/section>\n\t\t\t\t<section class=\"elementor-section elementor-top-section elementor-element elementor-element-897e77e elementor-section-items-stretch elementor-section-content-middle elementor-section-stretched elementor-section-height-min-height elementor-section-boxed elementor-section-height-default\" data-id=\"897e77e\" data-element_type=\"section\" id=\"contacto\" data-settings='{\"stretch_section\":\"section-stretched\",\"background_background\":\"classic\"}'>\n\t\t\t\t\t\t<div class=\"elementor-container elementor-column-gap-no\">\n\t\t\t\t\t<div class=\"elementor-column elementor-col-100 elementor-top-column elementor-element elementor-element-56605c2\" data-id=\"56605c2\" data-element_type=\"column\" id=\"contact_row\" data-settings='{\"background_background\":\"classic\"}'>\n\t\t\t<div class=\"elementor-widget-wrap elementor-element-populated\">\n\t\t\t\t\t\t<div class=\"elementor-element elementor-element-e2d7fe4 elementor-widget__width-auto elementor-absolute elementor-widget elementor-widget-image\" data-id=\"e2d7fe4\" data-element_type=\"widget\" data-settings='{\"_position\":\"absolute\"}' data-widget_type=\"image.default\">\n\t\t\t\t<div class=\"elementor-widget-container\">\n\t\t\t\t\t\t\t\t\t\t\t\t\t\t\t<img loading=\"lazy\" decoding=\"async\" width=\"600\" height=\"623\" src=\"https:\/\/fundacionmabbua.org\/wp-content\/uploads\/2022\/02\/back_en_casa_mabbua.png\" class=\"attachment-large size-large wp-image-8981\" alt=\"\" srcset=\"https:\/\/fundacionmabbua.org\/wp-content\/uploads\/2022\/02\/back_en_casa_mabbua.png 906w, https:\/\/fundacionmabbua.org\/wp-content\/uploads\/2022\/02\/back_en_casa_mabbua-289x300.png 289w, https:\/\/fundacionmabbua.org\/wp-content\/uploads\/2022\/02\/back_en_casa_mabbua-768x797.png 768w, https:\/\/fundacionmabbua.org\/wp-content\/uploads\/2022\/02\/back_en_casa_mabbua-400x415.png 400w\" sizes=\"auto, (max-width: 600px) 100vw, 600px\" loading=\"lazy\">\t\t\t\t\t\t\t\t\t\t\t\t\t\t\t<\/div>\n\t\t\t\t<\/div>\n\t\t\t\t<div class=\"elementor-element elementor-element-7b390c4 elementor-widget__width-auto elementor-absolute elementor-widget elementor-widget-image\" data-id=\"7b390c4\" data-element_type=\"widget\" data-settings='{\"_position\":\"absolute\"}' data-widget_type=\"image.default\">\n\t\t\t\t<div class=\"elementor-widget-container\">\n\t\t\t\t\t\t\t\t\t\t\t\t\t\t\t<img loading=\"lazy\" decoding=\"async\" width=\"179\" height=\"186\" src=\"https:\/\/fundacionmabbua.org\/wp-content\/uploads\/2022\/02\/piedra.png\" class=\"attachment-large size-large wp-image-9216\" alt=\"\" loading=\"lazy\">\t\t\t\t\t\t\t\t\t\t\t\t\t\t\t<\/div>\n\t\t\t\t<\/div>\n\t\t\t\t<div class=\"elementor-element elementor-element-ed485a5 elementor-widget__width-auto elementor-absolute elementor-widget elementor-widget-image\" data-id=\"ed485a5\" data-element_type=\"widget\" data-settings='{\"_position\":\"absolute\"}' data-widget_type=\"image.default\">\n\t\t\t\t<div class=\"elementor-widget-container\">\n\t\t\t\t\t\t\t\t\t\t\t\t\t\t\t<img loading=\"lazy\" decoding=\"async\" width=\"477\" height=\"269\" src=\"https:\/\/fundacionmabbua.org\/wp-content\/uploads\/2022\/02\/flor.png\" class=\"attachment-large size-large wp-image-9215\" alt=\"\" srcset=\"https:\/\/fundacionmabbua.org\/wp-content\/uploads\/2022\/02\/flor.png 477w, https:\/\/fundacionmabbua.org\/wp-content\/uploads\/2022\/02\/flor-300x169.png 300w, https:\/\/fundacionmabbua.org\/wp-content\/uploads\/2022\/02\/flor-400x226.png 400w\" sizes=\"auto, (max-width: 477px) 100vw, 477px\" loading=\"lazy\">\t\t\t\t\t\t\t\t\t\t\t\t\t\t\t<\/div>\n\t\t\t\t<\/div>\n\t\t\t\t<div class=\"elementor-element elementor-element-bfcfab0 elementor-widget__width-auto elementor-absolute elementor-widget elementor-widget-image\" data-id=\"bfcfab0\" data-element_type=\"widget\" data-settings='{\"_position\":\"absolute\"}' data-widget_type=\"image.default\">\n\t\t\t\t<div class=\"elementor-widget-container\">\n\t\t\t\t\t\t\t\t\t\t\t\t\t\t\t<img loading=\"lazy\" decoding=\"async\" width=\"93\" height=\"240\" src=\"https:\/\/fundacionmabbua.org\/wp-content\/uploads\/2022\/02\/algas.png\" class=\"attachment-large size-large wp-image-9214\" alt=\"\" loading=\"lazy\">\t\t\t\t\t\t\t\t\t\t\t\t\t\t\t<\/div>\n\t\t\t\t<\/div>\n\t\t\t\t<div class=\"elementor-element elementor-element-5936b6b elementor-widget__width-auto elementor-absolute elementor-widget elementor-widget-image\" data-id=\"5936b6b\" data-element_type=\"widget\" data-settings='{\"_position\":\"absolute\"}' data-widget_type=\"image.default\">\n\t\t\t\t<div class=\"elementor-widget-container\">\n\t\t\t\t\t\t\t\t\t\t\t\t\t\t\t<img loading=\"lazy\" decoding=\"async\" width=\"214\" height=\"176\" src=\"https:\/\/fundacionmabbua.org\/wp-content\/uploads\/2022\/02\/piedra2.png\" class=\"attachment-large size-large wp-image-9217\" alt=\"\" loading=\"lazy\">\t\t\t\t\t\t\t\t\t\t\t\t\t\t\t<\/div>\n\t\t\t\t<\/div>\n\t\t\t\t<section class=\"elementor-section elementor-inner-section elementor-element elementor-element-d41b981 elementor-section-boxed elementor-section-height-default elementor-section-height-default\" data-id=\"d41b981\" data-element_type=\"section\" data-settings='{\"background_background\":\"classic\"}'>\n\t\t\t\t\t\t<div class=\"elementor-container elementor-column-gap-no\">\n\t\t\t\t\t<div class=\"elementor-column elementor-col-66 elementor-inner-column elementor-element elementor-element-9d52583\" data-id=\"9d52583\" data-element_type=\"column\">\n\t\t\t<div class=\"elementor-widget-wrap elementor-element-populated\">\n\t\t\t\t\t\t<div class=\"elementor-element elementor-element-a5c3c6f elementor-align-left font-mabbua elementor-widget elementor-widget-heading\" data-id=\"a5c3c6f\" data-element_type=\"widget\" data-widget_type=\"heading.default\">\n\t\t\t\t<div class=\"elementor-widget-container\">\n\t\t\t\t\t<h2 class=\"elementor-heading-title elementor-size-default\">SOMOS MABBUA<\/h2>\t\t\t\t<\/div>\n\t\t\t\t<\/div>\n\t\t\t\t<div class=\"elementor-element elementor-element-beb262b elementor-widget__width-initial elementor-widget-tablet__width-initial elementor-widget elementor-widget-text-editor\" data-id=\"beb262b\" data-element_type=\"widget\" data-widget_type=\"text-editor.default\">\n\t\t\t\t<div class=\"elementor-widget-container\">\n\t\t\t\t\t        <div class=\"elementor-text-editor elementor-clearfix\"><p>Cont\u00e1ctanos para saber m\u00e1s sobre nosotros y resolver tus dudas.<\/p><\/div>\n        \t\t\t\t<\/div>\n\t\t\t\t<\/div>\n\t\t\t\t<div class=\"elementor-element elementor-element-afd4243 elementor-wpcf7-button-primary elementor-wpcf7-button-md elementor-widget elementor-widget-opal-contactform7\" data-id=\"afd4243\" data-element_type=\"widget\" data-widget_type=\"opal-contactform7.default\">\n\t\t\t\t<div class=\"elementor-widget-container\">\n\t\t\t\t\t\n<div class=\"wpcf7 no-js\" id=\"wpcf7-f5-o1\" lang=\"en-US\" dir=\"ltr\" data-wpcf7-id=\"5\">\n<div class=\"screen-reader-response\"><p role=\"status\" aria-live=\"polite\" aria-atomic=\"true\"><\/p> <ul><\/ul><\/div>\n<form action=\"\/es\/wp-json\/wp\/v2\/pages\/9690#wpcf7-f5-o1\" method=\"post\" class=\"wpcf7-form init\" aria-label=\"Contact form\" novalidate=\"novalidate\" data-status=\"init\">\n<fieldset class=\"hidden-fields-container\"><input type=\"hidden\" name=\"_wpcf7\" value=\"5\"><input type=\"hidden\" name=\"_wpcf7_version\" value=\"6.1.4\"><input type=\"hidden\" name=\"_wpcf7_locale\" value=\"en_US\"><input type=\"hidden\" name=\"_wpcf7_unit_tag\" value=\"wpcf7-f5-o1\"><input type=\"hidden\" name=\"_wpcf7_container_post\" value=\"0\"><input type=\"hidden\" name=\"_wpcf7_posted_data_hash\" value=\"\">\n<\/fieldset>\n<p><span class=\"wpcf7-form-control-wrap\" data-name=\"your-name\"><input size=\"40\" maxlength=\"400\" class=\"wpcf7-form-control wpcf7-text wpcf7-validates-as-required\" aria-required=\"true\" aria-invalid=\"false\" placeholder=\"Nombre\" value=\"\" type=\"text\" name=\"your-name\"><\/span><br>\n<span class=\"wpcf7-form-control-wrap\" data-name=\"tel-807\"><input size=\"40\" maxlength=\"400\" class=\"wpcf7-form-control wpcf7-tel wpcf7-validates-as-required wpcf7-text wpcf7-validates-as-tel\" aria-required=\"true\" aria-invalid=\"false\" placeholder=\"Tel\u00e9fono\" value=\"\" type=\"tel\" name=\"tel-807\"><\/span><br>\n<span class=\"wpcf7-form-control-wrap\" data-name=\"your-email\"><input size=\"40\" maxlength=\"400\" class=\"wpcf7-form-control wpcf7-email wpcf7-validates-as-required wpcf7-text wpcf7-validates-as-email\" aria-required=\"true\" aria-invalid=\"false\" placeholder=\"Correo Electr\u00f3nico\" value=\"\" type=\"email\" name=\"your-email\"><\/span><br>\n<span class=\"wpcf7-form-control-wrap\" data-name=\"your-subject\"><input size=\"40\" maxlength=\"400\" class=\"wpcf7-form-control wpcf7-text wpcf7-validates-as-required\" aria-required=\"true\" aria-invalid=\"false\" placeholder=\"Asunto\" value=\"\" type=\"text\" name=\"your-subject\"><\/span><br>\n<span class=\"wpcf7-form-control-wrap\" data-name=\"your-message\"><textarea cols=\"40\" rows=\"6\" maxlength=\"2000\" class=\"wpcf7-form-control wpcf7-textarea\" aria-invalid=\"false\" placeholder=\"Ingresa tu pregunta\" name=\"your-message\"><\/textarea><\/span><br>\n<\/p><div id=\"cf7sr-69ea28af467f3\" class=\"cf7sr-g-recaptcha\" data-theme=\"light\" data-type=\"image\" data-size=\"normal\" data-sitekey=\"6LdO-oIrAAAAAM66YHfrjWXQWVbfUFPQ-0EE22Kv\"><\/div><span class=\"wpcf7-form-control-wrap cf7sr-recaptcha\" data-name=\"cf7sr-recaptcha\"><input type=\"hidden\" name=\"cf7sr-recaptcha\" value=\"\" class=\"wpcf7-form-control\"><\/span><br>\n<button type=\"submit\" class=\"button-dark wpcf7-form-control wpcf7-submit\"><i class=\"fa fa-arrow-circle-o-right\" aria-hidden=\"true\"><\/i> Enviar Info<\/button>\n<div class=\"wpcf7-response-output\" aria-hidden=\"true\"><\/div>\n<\/form>\n<\/div>\n\t\t\t\t<\/div>\n\t\t\t\t<\/div>\n\t\t\t\t\t<\/div>\n\t\t<\/div>\n\t\t\t\t<div class=\"elementor-column elementor-col-33 elementor-inner-column elementor-element elementor-element-47a2c41\" data-id=\"47a2c41\" data-element_type=\"column\">\n\t\t\t<div class=\"elementor-widget-wrap\">\n\t\t\t\t\t\t\t<\/div>\n\t\t<\/div>\n\t\t\t\t\t<\/div>\n\t\t<\/section>\n\t\t\t\t\t<\/div>\n\t\t<\/div>\n\t\t\t\t\t<\/div>\n\t\t<\/section>\n\t\t\t\t<\/div>\n\t\t<\/body>","protected":false},"excerpt":{"rendered":"<p>Cont\u00e1ctanos HABLA CON NOSOTROS Llamada telef\u00f3nica +52 33 2042 2002 Correo contacto@fundacionmabbua.org Whatsapp +52 33 2042 2002 SOMOS MABBUA Cont\u00e1ctanos para saber m\u00e1s sobre nosotros y resolver tus dudas. Enviar Info<\/p>\n","protected":false},"author":1,"featured_media":0,"parent":0,"menu_order":0,"comment_status":"closed","ping_status":"closed","template":"page-elementor.php","meta":{"give_campaign_id":0,"nf_dc_page":"","om_disable_all_campaigns":false,"inline_featured_image":false,"footnotes":""},"class_list":["post-9690","page","type-page","status-publish","hentry"],"yoast_head":"<!-- This site is optimized with the Yoast SEO plugin v27.2 - https:\/\/yoast.com\/product\/yoast-seo-wordpress\/ -->\n<title>Contacto - Fundaci\u00f3n Mabbua<\/title>\n<meta name=\"robots\" content=\"index, follow, max-snippet:-1, max-image-preview:large, max-video-preview:-1\" \/>\n<link rel=\"canonical\" href=\"https:\/\/fundacionmabbua.org\/es\/contacto\/\" \/>\n<meta property=\"og:locale\" content=\"es_MX\" \/>\n<meta property=\"og:type\" content=\"article\" \/>\n<meta property=\"og:title\" content=\"Contacto - Fundaci\u00f3n Mabbua\" \/>\n<meta property=\"og:description\" content=\"Cont\u00e1ctanos HABLA CON NOSOTROS Llamada telef\u00f3nica +52 33 2042 2002 Correo contacto@fundacionmabbua.org Whatsapp +52 33 2042 2002 SOMOS MABBUA Cont\u00e1ctanos para saber m\u00e1s sobre nosotros y resolver tus dudas. Enviar Info\" \/>\n<meta property=\"og:url\" content=\"https:\/\/fundacionmabbua.org\/es\/contacto\/\" \/>\n<meta property=\"og:site_name\" content=\"Fundaci\u00f3n Mabbua\" \/>\n<meta property=\"article:modified_time\" content=\"2025-08-11T23:19:41+00:00\" \/>\n<meta property=\"og:image\" content=\"https:\/\/fundacionmabbua.org\/wp-content\/uploads\/2022\/06\/icon_1.svg\" \/>\n<meta name=\"twitter:card\" content=\"summary_large_image\" \/>\n<meta name=\"twitter:label1\" content=\"Tiempo de lectura\" \/>\n\t<meta name=\"twitter:data1\" content=\"2 minutos\" \/>\n<script type=\"application\/ld+json\" class=\"yoast-schema-graph\">{\"@context\":\"https:\/\/schema.org\",\"@graph\":[{\"@type\":\"WebPage\",\"@id\":\"https:\/\/fundacionmabbua.org\/es\/contacto\/\",\"url\":\"https:\/\/fundacionmabbua.org\/es\/contacto\/\",\"name\":\"Contacto - Fundaci\u00f3n Mabbua\",\"isPartOf\":{\"@id\":\"https:\/\/fundacionmabbua.org\/es\/#website\"},\"primaryImageOfPage\":{\"@id\":\"https:\/\/fundacionmabbua.org\/es\/contacto\/#primaryimage\"},\"image\":{\"@id\":\"https:\/\/fundacionmabbua.org\/es\/contacto\/#primaryimage\"},\"thumbnailUrl\":\"https:\/\/fundacionmabbua.org\/wp-content\/uploads\/2022\/06\/icon_1.svg\",\"datePublished\":\"2019-08-23T03:39:56+00:00\",\"dateModified\":\"2025-08-11T23:19:41+00:00\",\"breadcrumb\":{\"@id\":\"https:\/\/fundacionmabbua.org\/es\/contacto\/#breadcrumb\"},\"inLanguage\":\"es\",\"potentialAction\":[{\"@type\":\"ReadAction\",\"target\":[\"https:\/\/fundacionmabbua.org\/es\/contacto\/\"]}]},{\"@type\":\"ImageObject\",\"inLanguage\":\"es\",\"@id\":\"https:\/\/fundacionmabbua.org\/es\/contacto\/#primaryimage\",\"url\":\"https:\/\/fundacionmabbua.org\/wp-content\/uploads\/2022\/06\/icon_1.svg\",\"contentUrl\":\"https:\/\/fundacionmabbua.org\/wp-content\/uploads\/2022\/06\/icon_1.svg\"},{\"@type\":\"BreadcrumbList\",\"@id\":\"https:\/\/fundacionmabbua.org\/es\/contacto\/#breadcrumb\",\"itemListElement\":[{\"@type\":\"ListItem\",\"position\":1,\"name\":\"Home\",\"item\":\"https:\/\/fundacionmabbua.org\/es\/home\/\"},{\"@type\":\"ListItem\",\"position\":2,\"name\":\"Contacto\"}]},{\"@type\":\"WebSite\",\"@id\":\"https:\/\/fundacionmabbua.org\/es\/#website\",\"url\":\"https:\/\/fundacionmabbua.org\/es\/\",\"name\":\"Fundaci\u00f3n Mabbua\",\"description\":\"Fundaci\u00f3n Mabbua para apoyo a ni\u00f1os y jovenes\",\"publisher\":{\"@id\":\"https:\/\/fundacionmabbua.org\/es\/#organization\"},\"potentialAction\":[{\"@type\":\"SearchAction\",\"target\":{\"@type\":\"EntryPoint\",\"urlTemplate\":\"https:\/\/fundacionmabbua.org\/es\/?s={search_term_string}\"},\"query-input\":{\"@type\":\"PropertyValueSpecification\",\"valueRequired\":true,\"valueName\":\"search_term_string\"}}],\"inLanguage\":\"es\"},{\"@type\":\"Organization\",\"@id\":\"https:\/\/fundacionmabbua.org\/es\/#organization\",\"name\":\"Fundaci\u00f3n Mabbua\",\"url\":\"https:\/\/fundacionmabbua.org\/es\/\",\"logo\":{\"@type\":\"ImageObject\",\"inLanguage\":\"es\",\"@id\":\"https:\/\/fundacionmabbua.org\/es\/#\/schema\/logo\/image\/\",\"url\":\"https:\/\/fundacionmabbua.org\/wp-content\/uploads\/2024\/04\/logo_casa_mabua.svg\",\"contentUrl\":\"https:\/\/fundacionmabbua.org\/wp-content\/uploads\/2024\/04\/logo_casa_mabua.svg\",\"width\":693,\"height\":524,\"caption\":\"Fundaci\u00f3n Mabbua\"},\"image\":{\"@id\":\"https:\/\/fundacionmabbua.org\/es\/#\/schema\/logo\/image\/\"}}]}<\/script>\n<!-- \/ Yoast SEO plugin. -->","yoast_head_json":{"title":"Contacto - Fundaci\u00f3n Mabbua","robots":{"index":"index","follow":"follow","max-snippet":"max-snippet:-1","max-image-preview":"max-image-preview:large","max-video-preview":"max-video-preview:-1"},"canonical":"https:\/\/fundacionmabbua.org\/es\/contacto\/","og_locale":"es_MX","og_type":"article","og_title":"Contacto - Fundaci\u00f3n Mabbua","og_description":"Cont\u00e1ctanos HABLA CON NOSOTROS Llamada telef\u00f3nica +52 33 2042 2002 Correo contacto@fundacionmabbua.org Whatsapp +52 33 2042 2002 SOMOS MABBUA Cont\u00e1ctanos para saber m\u00e1s sobre nosotros y resolver tus dudas. Enviar Info","og_url":"https:\/\/fundacionmabbua.org\/es\/contacto\/","og_site_name":"Fundaci\u00f3n Mabbua","article_modified_time":"2025-08-11T23:19:41+00:00","og_image":[{"url":"https:\/\/fundacionmabbua.org\/wp-content\/uploads\/2022\/06\/icon_1.svg","type":"","width":"","height":""}],"twitter_card":"summary_large_image","twitter_misc":{"Tiempo de lectura":"2 minutos"},"schema":{"@context":"https:\/\/schema.org","@graph":[{"@type":"WebPage","@id":"https:\/\/fundacionmabbua.org\/es\/contacto\/","url":"https:\/\/fundacionmabbua.org\/es\/contacto\/","name":"Contacto - Fundaci\u00f3n Mabbua","isPartOf":{"@id":"https:\/\/fundacionmabbua.org\/es\/#website"},"primaryImageOfPage":{"@id":"https:\/\/fundacionmabbua.org\/es\/contacto\/#primaryimage"},"image":{"@id":"https:\/\/fundacionmabbua.org\/es\/contacto\/#primaryimage"},"thumbnailUrl":"https:\/\/fundacionmabbua.org\/wp-content\/uploads\/2022\/06\/icon_1.svg","datePublished":"2019-08-23T03:39:56+00:00","dateModified":"2025-08-11T23:19:41+00:00","breadcrumb":{"@id":"https:\/\/fundacionmabbua.org\/es\/contacto\/#breadcrumb"},"inLanguage":"es","potentialAction":[{"@type":"ReadAction","target":["https:\/\/fundacionmabbua.org\/es\/contacto\/"]}]},{"@type":"ImageObject","inLanguage":"es","@id":"https:\/\/fundacionmabbua.org\/es\/contacto\/#primaryimage","url":"https:\/\/fundacionmabbua.org\/wp-content\/uploads\/2022\/06\/icon_1.svg","contentUrl":"https:\/\/fundacionmabbua.org\/wp-content\/uploads\/2022\/06\/icon_1.svg"},{"@type":"BreadcrumbList","@id":"https:\/\/fundacionmabbua.org\/es\/contacto\/#breadcrumb","itemListElement":[{"@type":"ListItem","position":1,"name":"Home","item":"https:\/\/fundacionmabbua.org\/es\/home\/"},{"@type":"ListItem","position":2,"name":"Contacto"}]},{"@type":"WebSite","@id":"https:\/\/fundacionmabbua.org\/es\/#website","url":"https:\/\/fundacionmabbua.org\/es\/","name":"Fundaci\u00f3n Mabbua","description":"Fundaci\u00f3n Mabbua para apoyo a ni\u00f1os y jovenes","publisher":{"@id":"https:\/\/fundacionmabbua.org\/es\/#organization"},"potentialAction":[{"@type":"SearchAction","target":{"@type":"EntryPoint","urlTemplate":"https:\/\/fundacionmabbua.org\/es\/?s={search_term_string}"},"query-input":{"@type":"PropertyValueSpecification","valueRequired":true,"valueName":"search_term_string"}}],"inLanguage":"es"},{"@type":"Organization","@id":"https:\/\/fundacionmabbua.org\/es\/#organization","name":"Fundaci\u00f3n Mabbua","url":"https:\/\/fundacionmabbua.org\/es\/","logo":{"@type":"ImageObject","inLanguage":"es","@id":"https:\/\/fundacionmabbua.org\/es\/#\/schema\/logo\/image\/","url":"https:\/\/fundacionmabbua.org\/wp-content\/uploads\/2024\/04\/logo_casa_mabua.svg","contentUrl":"https:\/\/fundacionmabbua.org\/wp-content\/uploads\/2024\/04\/logo_casa_mabua.svg","width":693,"height":524,"caption":"Fundaci\u00f3n Mabbua"},"image":{"@id":"https:\/\/fundacionmabbua.org\/es\/#\/schema\/logo\/image\/"}}]}},"campaignId":"","_links":{"self":[{"href":"https:\/\/fundacionmabbua.org\/es\/wp-json\/wp\/v2\/pages\/9690","targetHints":{"allow":["GET"]}}],"collection":[{"href":"https:\/\/fundacionmabbua.org\/es\/wp-json\/wp\/v2\/pages"}],"about":[{"href":"https:\/\/fundacionmabbua.org\/es\/wp-json\/wp\/v2\/types\/page"}],"author":[{"embeddable":true,"href":"https:\/\/fundacionmabbua.org\/es\/wp-json\/wp\/v2\/users\/1"}],"replies":[{"embeddable":true,"href":"https:\/\/fundacionmabbua.org\/es\/wp-json\/wp\/v2\/comments?post=9690"}],"version-history":[{"count":5,"href":"https:\/\/fundacionmabbua.org\/es\/wp-json\/wp\/v2\/pages\/9690\/revisions"}],"predecessor-version":[{"id":11574,"href":"https:\/\/fundacionmabbua.org\/es\/wp-json\/wp\/v2\/pages\/9690\/revisions\/11574"}],"wp:attachment":[{"href":"https:\/\/fundacionmabbua.org\/es\/wp-json\/wp\/v2\/media?parent=9690"}],"curies":[{"name":"wp","href":"https:\/\/api.w.org\/{rel}","templated":true}]}}