{"id":9410,"date":"2020-01-20T02:37:36","date_gmt":"2020-01-20T02:37:36","guid":{"rendered":"https:\/\/fundacionmabbua.org\/educacion-2\/"},"modified":"2022-08-01T17:31:12","modified_gmt":"2022-08-01T17:31:12","slug":"formacion-integral","status":"publish","type":"page","link":"https:\/\/fundacionmabbua.org\/es\/formacion-integral\/","title":{"rendered":"Formaci\u00f3n Integral"},"content":{"rendered":"<body>\t\t<div data-elementor-type=\"wp-page\" data-elementor-id=\"9410\" class=\"elementor elementor-9410\">\n\t\t\t\t\t\t<section class=\"elementor-section elementor-top-section elementor-element elementor-element-82b19cf elementor-section-stretched elementor-section-boxed elementor-section-height-default elementor-section-height-default\" data-id=\"82b19cf\" data-element_type=\"section\" data-settings='{\"stretch_section\":\"section-stretched\",\"background_background\":\"classic\"}'>\n\t\t\t\t\t\t<div class=\"elementor-container elementor-column-gap-no\">\n\t\t\t\t\t<div class=\"elementor-column elementor-col-100 elementor-top-column elementor-element elementor-element-519bac9\" data-id=\"519bac9\" data-element_type=\"column\" data-settings='{\"background_background\":\"classic\"}'>\n\t\t\t<div class=\"elementor-widget-wrap elementor-element-populated\">\n\t\t\t\t\t\t<section class=\"elementor-section elementor-inner-section elementor-element elementor-element-9840169 elementor-section-boxed elementor-section-height-default elementor-section-height-default\" data-id=\"9840169\" data-element_type=\"section\">\n\t\t\t\t\t\t<div class=\"elementor-container elementor-column-gap-no\">\n\t\t\t\t\t<div class=\"elementor-column elementor-col-50 elementor-inner-column elementor-element elementor-element-c5e42e1\" data-id=\"c5e42e1\" data-element_type=\"column\">\n\t\t\t<div class=\"elementor-widget-wrap elementor-element-populated\">\n\t\t\t\t\t\t<div class=\"elementor-element elementor-element-e7bd377 elementor-widget elementor-widget-image\" data-id=\"e7bd377\" data-element_type=\"widget\" data-widget_type=\"image.default\">\n\t\t\t\t<div class=\"elementor-widget-container\">\n\t\t\t\t\t\t\t\t\t\t\t\t\t\t\t<img loading=\"lazy\" decoding=\"async\" width=\"739\" height=\"658\" src=\"https:\/\/fundacionmabbua.org\/wp-content\/uploads\/2022\/08\/formacion-1.png\" class=\"attachment-full size-full wp-image-10731\" alt=\"\" srcset=\"https:\/\/fundacionmabbua.org\/wp-content\/uploads\/2022\/08\/formacion-1.png 739w, https:\/\/fundacionmabbua.org\/wp-content\/uploads\/2022\/08\/formacion-1-300x267.png 300w, https:\/\/fundacionmabbua.org\/wp-content\/uploads\/2022\/08\/formacion-1-13x12.png 13w, https:\/\/fundacionmabbua.org\/wp-content\/uploads\/2022\/08\/formacion-1-400x356.png 400w\" sizes=\"auto, (max-width: 739px) 100vw, 739px\" loading=\"lazy\">\t\t\t\t\t\t\t\t\t\t\t\t\t\t\t<\/div>\n\t\t\t\t<\/div>\n\t\t\t\t\t<\/div>\n\t\t<\/div>\n\t\t\t\t<div class=\"elementor-column elementor-col-50 elementor-inner-column elementor-element elementor-element-afa7211\" data-id=\"afa7211\" data-element_type=\"column\">\n\t\t\t<div class=\"elementor-widget-wrap elementor-element-populated\">\n\t\t\t\t\t\t<div class=\"elementor-element elementor-element-677dcc5 elementor-align-left elementor-widget__width-initial elementor-widget elementor-widget-heading\" data-id=\"677dcc5\" data-element_type=\"widget\" data-widget_type=\"heading.default\">\n\t\t\t\t<div class=\"elementor-widget-container\">\n\t\t\t\t\t<span class=\"sub-title\"><br><\/span><h2 class=\"elementor-heading-title elementor-size-default\">Formaci\u00f3n Integral<\/h2>\t\t\t\t<\/div>\n\t\t\t\t<\/div>\n\t\t\t\t<div class=\"elementor-element elementor-element-62a0453 elementor-widget elementor-widget-text-editor\" data-id=\"62a0453\" data-element_type=\"widget\" data-widget_type=\"text-editor.default\">\n\t\t\t\t<div class=\"elementor-widget-container\">\n\t\t\t\t\t        <div class=\"elementor-text-editor elementor-clearfix\">Esta es la clave para el desarrollo integral de los menores. Es un proceso cont\u00ednuo y participativo para desarrollar en los menores esa parte que no se adquiere en la educaci\u00f3n escolarizada; otorga herramientas que complementan e impulsan sus habilidades, actitudes y valores en todas sus dimensiones (cuerpo, mente y esp\u00edritu), para enfrentarse a la vida. Se busca promover la responsabilidad, seguridad, respeto, tolerancia, empat\u00eda, amor y solidaridad en un sentido amplio: hacia su persona, su familia y la sociedad. Contendr\u00e1 tantas \u00e1reas como necesidades y problem\u00e1ticas se enfrenten en la vida diaria.<br>\nDe inicio contar\u00e1 con las siguientes:<br><br>\n<ul>\n \t<li style=\"list-style-type: none;\">\n<ul style=\"columns: 2; -webkit-columns: 2; -moz-columns: 2;\">\n \t<li>Educaci\u00f3n financiera.<\/li>\n \t<li>Ecolog\u00eda y medio ambiente.<\/li>\n \t<li>Proyecto de vida.<\/li>\n \t<li>Autocuidado y seguridad personal.<\/li>\n \t<li>Idioma<\/li>\n \t<li>Ciencia y tecnolog\u00eda<\/li>\n \t<li>Salud y sexualidad<\/li>\n \t<li>M\u00fasica y arte<\/li>\n \t<li>Cultura<\/li>\n \t<li>Formaci\u00f3n teoter\u00e1pica<\/li>\n \t<li>Responsabilidad social<\/li>\n \t<li>Filosof\u00eda<\/li>\n \t<li>Identidad<\/li>\n \t<li>Creatividad y pensamiento cr\u00edtico<\/li>\n \t<li>Investigaci\u00f3n<\/li>\n \t<li>Deporte<\/li>\n \t<li>Habilidades psicosociales<\/li>\n \t<li>Respeto a la vida<\/li>\n \t<li>Talleres de c\u00f3mputo<\/li>\n \t<li>Identidad<\/li>\n \t<li>Educaci\u00f3n en la fe<\/li>\n<\/ul>\n<\/li>\n<\/ul><\/div>\n        \t\t\t\t<\/div>\n\t\t\t\t<\/div>\n\t\t\t\t\t<\/div>\n\t\t<\/div>\n\t\t\t\t\t<\/div>\n\t\t<\/section>\n\t\t\t\t\t<\/div>\n\t\t<\/div>\n\t\t\t\t\t<\/div>\n\t\t<\/section>\n\t\t\t\t<\/div>\n\t\t<\/body>","protected":false},"excerpt":{"rendered":"<p>Formaci\u00f3n Integral Esta es la clave para el desarrollo integral de los menores. Es un proceso cont\u00ednuo y participativo para desarrollar en los menores esa parte que no se adquiere en la educaci\u00f3n escolarizada; otorga herramientas que complementan e impulsan sus habilidades, actitudes y valores en todas sus dimensiones (cuerpo, mente y esp\u00edritu), para enfrentarse [&hellip;]<\/p>\n","protected":false},"author":1,"featured_media":0,"parent":0,"menu_order":0,"comment_status":"closed","ping_status":"closed","template":"page-elementor.php","meta":{"give_campaign_id":0,"nf_dc_page":"","om_disable_all_campaigns":false,"inline_featured_image":false,"footnotes":""},"class_list":["post-9410","page","type-page","status-publish","hentry"],"yoast_head":"<!-- This site is optimized with the Yoast SEO plugin v27.2 - https:\/\/yoast.com\/product\/yoast-seo-wordpress\/ -->\n<title>Formaci\u00f3n Integral - Fundaci\u00f3n Mabbua<\/title>\n<meta name=\"robots\" content=\"index, follow, max-snippet:-1, max-image-preview:large, max-video-preview:-1\" \/>\n<link rel=\"canonical\" href=\"https:\/\/fundacionmabbua.org\/es\/formacion-integral\/\" \/>\n<meta property=\"og:locale\" content=\"es_MX\" \/>\n<meta property=\"og:type\" content=\"article\" \/>\n<meta property=\"og:title\" content=\"Formaci\u00f3n Integral - Fundaci\u00f3n Mabbua\" \/>\n<meta property=\"og:description\" content=\"Formaci\u00f3n Integral Esta es la clave para el desarrollo integral de los menores. Es un proceso cont\u00ednuo y participativo para desarrollar en los menores esa parte que no se adquiere en la educaci\u00f3n escolarizada; otorga herramientas que complementan e impulsan sus habilidades, actitudes y valores en todas sus dimensiones (cuerpo, mente y esp\u00edritu), para enfrentarse [&hellip;]\" \/>\n<meta property=\"og:url\" content=\"https:\/\/fundacionmabbua.org\/es\/formacion-integral\/\" \/>\n<meta property=\"og:site_name\" content=\"Fundaci\u00f3n Mabbua\" \/>\n<meta property=\"article:modified_time\" content=\"2022-08-01T17:31:12+00:00\" \/>\n<meta property=\"og:image\" content=\"https:\/\/fundacionmabbua.org\/wp-content\/uploads\/2022\/08\/formacion-1.png\" \/>\n<meta name=\"twitter:card\" content=\"summary_large_image\" \/>\n<meta name=\"twitter:label1\" content=\"Tiempo de lectura\" \/>\n\t<meta name=\"twitter:data1\" content=\"1 minuto\" \/>\n<script type=\"application\/ld+json\" class=\"yoast-schema-graph\">{\"@context\":\"https:\/\/schema.org\",\"@graph\":[{\"@type\":\"WebPage\",\"@id\":\"https:\/\/fundacionmabbua.org\/es\/formacion-integral\/\",\"url\":\"https:\/\/fundacionmabbua.org\/es\/formacion-integral\/\",\"name\":\"Formaci\u00f3n Integral - Fundaci\u00f3n Mabbua\",\"isPartOf\":{\"@id\":\"https:\/\/fundacionmabbua.org\/es\/#website\"},\"primaryImageOfPage\":{\"@id\":\"https:\/\/fundacionmabbua.org\/es\/formacion-integral\/#primaryimage\"},\"image\":{\"@id\":\"https:\/\/fundacionmabbua.org\/es\/formacion-integral\/#primaryimage\"},\"thumbnailUrl\":\"https:\/\/fundacionmabbua.org\/wp-content\/uploads\/2022\/08\/formacion-1.png\",\"datePublished\":\"2020-01-20T02:37:36+00:00\",\"dateModified\":\"2022-08-01T17:31:12+00:00\",\"breadcrumb\":{\"@id\":\"https:\/\/fundacionmabbua.org\/es\/formacion-integral\/#breadcrumb\"},\"inLanguage\":\"es\",\"potentialAction\":[{\"@type\":\"ReadAction\",\"target\":[\"https:\/\/fundacionmabbua.org\/es\/formacion-integral\/\"]}]},{\"@type\":\"ImageObject\",\"inLanguage\":\"es\",\"@id\":\"https:\/\/fundacionmabbua.org\/es\/formacion-integral\/#primaryimage\",\"url\":\"https:\/\/fundacionmabbua.org\/wp-content\/uploads\/2022\/08\/formacion-1.png\",\"contentUrl\":\"https:\/\/fundacionmabbua.org\/wp-content\/uploads\/2022\/08\/formacion-1.png\"},{\"@type\":\"BreadcrumbList\",\"@id\":\"https:\/\/fundacionmabbua.org\/es\/formacion-integral\/#breadcrumb\",\"itemListElement\":[{\"@type\":\"ListItem\",\"position\":1,\"name\":\"Home\",\"item\":\"https:\/\/fundacionmabbua.org\/es\/home\/\"},{\"@type\":\"ListItem\",\"position\":2,\"name\":\"Formaci\u00f3n Integral\"}]},{\"@type\":\"WebSite\",\"@id\":\"https:\/\/fundacionmabbua.org\/es\/#website\",\"url\":\"https:\/\/fundacionmabbua.org\/es\/\",\"name\":\"Fundaci\u00f3n Mabbua\",\"description\":\"Fundaci\u00f3n Mabbua para apoyo a ni\u00f1os y jovenes\",\"publisher\":{\"@id\":\"https:\/\/fundacionmabbua.org\/es\/#organization\"},\"potentialAction\":[{\"@type\":\"SearchAction\",\"target\":{\"@type\":\"EntryPoint\",\"urlTemplate\":\"https:\/\/fundacionmabbua.org\/es\/?s={search_term_string}\"},\"query-input\":{\"@type\":\"PropertyValueSpecification\",\"valueRequired\":true,\"valueName\":\"search_term_string\"}}],\"inLanguage\":\"es\"},{\"@type\":\"Organization\",\"@id\":\"https:\/\/fundacionmabbua.org\/es\/#organization\",\"name\":\"Fundaci\u00f3n Mabbua\",\"url\":\"https:\/\/fundacionmabbua.org\/es\/\",\"logo\":{\"@type\":\"ImageObject\",\"inLanguage\":\"es\",\"@id\":\"https:\/\/fundacionmabbua.org\/es\/#\/schema\/logo\/image\/\",\"url\":\"https:\/\/fundacionmabbua.org\/wp-content\/uploads\/2024\/04\/logo_casa_mabua.svg\",\"contentUrl\":\"https:\/\/fundacionmabbua.org\/wp-content\/uploads\/2024\/04\/logo_casa_mabua.svg\",\"width\":693,\"height\":524,\"caption\":\"Fundaci\u00f3n Mabbua\"},\"image\":{\"@id\":\"https:\/\/fundacionmabbua.org\/es\/#\/schema\/logo\/image\/\"}}]}<\/script>\n<!-- \/ Yoast SEO plugin. -->","yoast_head_json":{"title":"Formaci\u00f3n Integral - Fundaci\u00f3n Mabbua","robots":{"index":"index","follow":"follow","max-snippet":"max-snippet:-1","max-image-preview":"max-image-preview:large","max-video-preview":"max-video-preview:-1"},"canonical":"https:\/\/fundacionmabbua.org\/es\/formacion-integral\/","og_locale":"es_MX","og_type":"article","og_title":"Formaci\u00f3n Integral - Fundaci\u00f3n Mabbua","og_description":"Formaci\u00f3n Integral Esta es la clave para el desarrollo integral de los menores. Es un proceso cont\u00ednuo y participativo para desarrollar en los menores esa parte que no se adquiere en la educaci\u00f3n escolarizada; otorga herramientas que complementan e impulsan sus habilidades, actitudes y valores en todas sus dimensiones (cuerpo, mente y esp\u00edritu), para enfrentarse [&hellip;]","og_url":"https:\/\/fundacionmabbua.org\/es\/formacion-integral\/","og_site_name":"Fundaci\u00f3n Mabbua","article_modified_time":"2022-08-01T17:31:12+00:00","og_image":[{"url":"https:\/\/fundacionmabbua.org\/wp-content\/uploads\/2022\/08\/formacion-1.png","type":"","width":"","height":""}],"twitter_card":"summary_large_image","twitter_misc":{"Tiempo de lectura":"1 minuto"},"schema":{"@context":"https:\/\/schema.org","@graph":[{"@type":"WebPage","@id":"https:\/\/fundacionmabbua.org\/es\/formacion-integral\/","url":"https:\/\/fundacionmabbua.org\/es\/formacion-integral\/","name":"Formaci\u00f3n Integral - Fundaci\u00f3n Mabbua","isPartOf":{"@id":"https:\/\/fundacionmabbua.org\/es\/#website"},"primaryImageOfPage":{"@id":"https:\/\/fundacionmabbua.org\/es\/formacion-integral\/#primaryimage"},"image":{"@id":"https:\/\/fundacionmabbua.org\/es\/formacion-integral\/#primaryimage"},"thumbnailUrl":"https:\/\/fundacionmabbua.org\/wp-content\/uploads\/2022\/08\/formacion-1.png","datePublished":"2020-01-20T02:37:36+00:00","dateModified":"2022-08-01T17:31:12+00:00","breadcrumb":{"@id":"https:\/\/fundacionmabbua.org\/es\/formacion-integral\/#breadcrumb"},"inLanguage":"es","potentialAction":[{"@type":"ReadAction","target":["https:\/\/fundacionmabbua.org\/es\/formacion-integral\/"]}]},{"@type":"ImageObject","inLanguage":"es","@id":"https:\/\/fundacionmabbua.org\/es\/formacion-integral\/#primaryimage","url":"https:\/\/fundacionmabbua.org\/wp-content\/uploads\/2022\/08\/formacion-1.png","contentUrl":"https:\/\/fundacionmabbua.org\/wp-content\/uploads\/2022\/08\/formacion-1.png"},{"@type":"BreadcrumbList","@id":"https:\/\/fundacionmabbua.org\/es\/formacion-integral\/#breadcrumb","itemListElement":[{"@type":"ListItem","position":1,"name":"Home","item":"https:\/\/fundacionmabbua.org\/es\/home\/"},{"@type":"ListItem","position":2,"name":"Formaci\u00f3n Integral"}]},{"@type":"WebSite","@id":"https:\/\/fundacionmabbua.org\/es\/#website","url":"https:\/\/fundacionmabbua.org\/es\/","name":"Fundaci\u00f3n Mabbua","description":"Fundaci\u00f3n Mabbua para apoyo a ni\u00f1os y jovenes","publisher":{"@id":"https:\/\/fundacionmabbua.org\/es\/#organization"},"potentialAction":[{"@type":"SearchAction","target":{"@type":"EntryPoint","urlTemplate":"https:\/\/fundacionmabbua.org\/es\/?s={search_term_string}"},"query-input":{"@type":"PropertyValueSpecification","valueRequired":true,"valueName":"search_term_string"}}],"inLanguage":"es"},{"@type":"Organization","@id":"https:\/\/fundacionmabbua.org\/es\/#organization","name":"Fundaci\u00f3n Mabbua","url":"https:\/\/fundacionmabbua.org\/es\/","logo":{"@type":"ImageObject","inLanguage":"es","@id":"https:\/\/fundacionmabbua.org\/es\/#\/schema\/logo\/image\/","url":"https:\/\/fundacionmabbua.org\/wp-content\/uploads\/2024\/04\/logo_casa_mabua.svg","contentUrl":"https:\/\/fundacionmabbua.org\/wp-content\/uploads\/2024\/04\/logo_casa_mabua.svg","width":693,"height":524,"caption":"Fundaci\u00f3n Mabbua"},"image":{"@id":"https:\/\/fundacionmabbua.org\/es\/#\/schema\/logo\/image\/"}}]}},"campaignId":"","_links":{"self":[{"href":"https:\/\/fundacionmabbua.org\/es\/wp-json\/wp\/v2\/pages\/9410","targetHints":{"allow":["GET"]}}],"collection":[{"href":"https:\/\/fundacionmabbua.org\/es\/wp-json\/wp\/v2\/pages"}],"about":[{"href":"https:\/\/fundacionmabbua.org\/es\/wp-json\/wp\/v2\/types\/page"}],"author":[{"embeddable":true,"href":"https:\/\/fundacionmabbua.org\/es\/wp-json\/wp\/v2\/users\/1"}],"replies":[{"embeddable":true,"href":"https:\/\/fundacionmabbua.org\/es\/wp-json\/wp\/v2\/comments?post=9410"}],"version-history":[{"count":34,"href":"https:\/\/fundacionmabbua.org\/es\/wp-json\/wp\/v2\/pages\/9410\/revisions"}],"predecessor-version":[{"id":10757,"href":"https:\/\/fundacionmabbua.org\/es\/wp-json\/wp\/v2\/pages\/9410\/revisions\/10757"}],"wp:attachment":[{"href":"https:\/\/fundacionmabbua.org\/es\/wp-json\/wp\/v2\/media?parent=9410"}],"curies":[{"name":"wp","href":"https:\/\/api.w.org\/{rel}","templated":true}]}}