{"id":9402,"date":"2020-01-20T02:37:36","date_gmt":"2020-01-20T02:37:36","guid":{"rendered":"https:\/\/fundacionmabbua.org\/salud-2\/"},"modified":"2022-08-01T17:29:38","modified_gmt":"2022-08-01T17:29:38","slug":"educacion","status":"publish","type":"page","link":"https:\/\/fundacionmabbua.org\/es\/educacion\/","title":{"rendered":"Educaci\u00f3n"},"content":{"rendered":"<body>\t\t<div data-elementor-type=\"wp-page\" data-elementor-id=\"9402\" class=\"elementor elementor-9402\">\n\t\t\t\t\t\t<section class=\"elementor-section elementor-top-section elementor-element elementor-element-82b19cf elementor-section-stretched elementor-section-boxed elementor-section-height-default elementor-section-height-default\" data-id=\"82b19cf\" data-element_type=\"section\" data-settings='{\"stretch_section\":\"section-stretched\",\"background_background\":\"classic\"}'>\n\t\t\t\t\t\t<div class=\"elementor-container elementor-column-gap-no\">\n\t\t\t\t\t<div class=\"elementor-column elementor-col-100 elementor-top-column elementor-element elementor-element-519bac9\" data-id=\"519bac9\" data-element_type=\"column\" data-settings='{\"background_background\":\"classic\"}'>\n\t\t\t<div class=\"elementor-widget-wrap elementor-element-populated\">\n\t\t\t\t\t\t<section class=\"elementor-section elementor-inner-section elementor-element elementor-element-9840169 elementor-section-boxed elementor-section-height-default elementor-section-height-default\" data-id=\"9840169\" data-element_type=\"section\">\n\t\t\t\t\t\t<div class=\"elementor-container elementor-column-gap-no\">\n\t\t\t\t\t<div class=\"elementor-column elementor-col-50 elementor-inner-column elementor-element elementor-element-c5e42e1\" data-id=\"c5e42e1\" data-element_type=\"column\">\n\t\t\t<div class=\"elementor-widget-wrap elementor-element-populated\">\n\t\t\t\t\t\t<div class=\"elementor-element elementor-element-e7bd377 elementor-widget elementor-widget-image\" data-id=\"e7bd377\" data-element_type=\"widget\" data-widget_type=\"image.default\">\n\t\t\t\t<div class=\"elementor-widget-container\">\n\t\t\t\t\t\t\t\t\t\t\t\t\t\t\t<img loading=\"lazy\" decoding=\"async\" width=\"747\" height=\"833\" src=\"https:\/\/fundacionmabbua.org\/wp-content\/uploads\/2022\/08\/educacion-1.png\" class=\"attachment-full size-full wp-image-10723\" alt=\"\" srcset=\"https:\/\/fundacionmabbua.org\/wp-content\/uploads\/2022\/08\/educacion-1.png 747w, https:\/\/fundacionmabbua.org\/wp-content\/uploads\/2022\/08\/educacion-1-269x300.png 269w, https:\/\/fundacionmabbua.org\/wp-content\/uploads\/2022\/08\/educacion-1-11x12.png 11w, https:\/\/fundacionmabbua.org\/wp-content\/uploads\/2022\/08\/educacion-1-400x446.png 400w\" sizes=\"auto, (max-width: 747px) 100vw, 747px\" loading=\"lazy\">\t\t\t\t\t\t\t\t\t\t\t\t\t\t\t<\/div>\n\t\t\t\t<\/div>\n\t\t\t\t\t<\/div>\n\t\t<\/div>\n\t\t\t\t<div class=\"elementor-column elementor-col-50 elementor-inner-column elementor-element elementor-element-afa7211\" data-id=\"afa7211\" data-element_type=\"column\">\n\t\t\t<div class=\"elementor-widget-wrap elementor-element-populated\">\n\t\t\t\t\t\t<div class=\"elementor-element elementor-element-677dcc5 elementor-align-left elementor-widget__width-initial elementor-widget elementor-widget-heading\" data-id=\"677dcc5\" data-element_type=\"widget\" data-widget_type=\"heading.default\">\n\t\t\t\t<div class=\"elementor-widget-container\">\n\t\t\t\t\t<span class=\"sub-title\"><br><\/span><h1 class=\"elementor-heading-title elementor-size-default\">Educaci\u00f3n<\/h1>\t\t\t\t<\/div>\n\t\t\t\t<\/div>\n\t\t\t\t<div class=\"elementor-element elementor-element-29749f2 elementor-widget elementor-widget-text-editor\" data-id=\"29749f2\" data-element_type=\"widget\" data-widget_type=\"text-editor.default\">\n\t\t\t\t<div class=\"elementor-widget-container\">\n\t\t\t\t\t        <div class=\"elementor-text-editor elementor-clearfix\"><p>Se prev\u00e9e actividades de desarrollo acad\u00e9mico en la educaci\u00f3n formal escolarizada, la incorporaci\u00f3n de los menores a talleres productivos de actividad f\u00edsica, cursos de regularizaci\u00f3n y el desarrollo de esa faceta muy pr\u00e1ctica del comportamiento de los menores hacia sus deberes ciudadanos, respeto por las leyes y el bienestar de los dem\u00e1s miembros de la comunidad, esto es, la capacidad de vivir en sociedad. Esto se lograr\u00e1 a trav\u00e9s de las siguientes 4 \u00e1reas:<\/p><p>\u25cf Escuela.<br>\u25cf Club de tarea para la regularizaci\u00f3n.<br>\u25cf Educaci\u00f3n F\u00edsica.<br>\u25cf Civismo.<\/p><\/div>\n        \t\t\t\t<\/div>\n\t\t\t\t<\/div>\n\t\t\t\t\t<\/div>\n\t\t<\/div>\n\t\t\t\t\t<\/div>\n\t\t<\/section>\n\t\t\t\t\t<\/div>\n\t\t<\/div>\n\t\t\t\t\t<\/div>\n\t\t<\/section>\n\t\t\t\t<\/div>\n\t\t<\/body>","protected":false},"excerpt":{"rendered":"<p>Educaci\u00f3n Se prev\u00e9e actividades de desarrollo acad\u00e9mico en la educaci\u00f3n formal escolarizada, la incorporaci\u00f3n de los menores a talleres productivos de actividad f\u00edsica, cursos de regularizaci\u00f3n y el desarrollo de esa faceta muy pr\u00e1ctica del comportamiento de los menores hacia sus deberes ciudadanos, respeto por las leyes y el bienestar de los dem\u00e1s miembros de [&hellip;]<\/p>\n","protected":false},"author":1,"featured_media":0,"parent":0,"menu_order":0,"comment_status":"closed","ping_status":"closed","template":"page-elementor.php","meta":{"give_campaign_id":0,"nf_dc_page":"","om_disable_all_campaigns":false,"inline_featured_image":false,"footnotes":""},"class_list":["post-9402","page","type-page","status-publish","hentry"],"yoast_head":"<!-- This site is optimized with the Yoast SEO plugin v27.2 - https:\/\/yoast.com\/product\/yoast-seo-wordpress\/ -->\n<title>Educaci\u00f3n - Fundaci\u00f3n Mabbua<\/title>\n<meta name=\"robots\" content=\"index, follow, max-snippet:-1, max-image-preview:large, max-video-preview:-1\" \/>\n<link rel=\"canonical\" href=\"https:\/\/fundacionmabbua.org\/es\/educacion\/\" \/>\n<meta property=\"og:locale\" content=\"es_MX\" \/>\n<meta property=\"og:type\" content=\"article\" \/>\n<meta property=\"og:title\" content=\"Educaci\u00f3n - Fundaci\u00f3n Mabbua\" \/>\n<meta property=\"og:description\" content=\"Educaci\u00f3n Se prev\u00e9e actividades de desarrollo acad\u00e9mico en la educaci\u00f3n formal escolarizada, la incorporaci\u00f3n de los menores a talleres productivos de actividad f\u00edsica, cursos de regularizaci\u00f3n y el desarrollo de esa faceta muy pr\u00e1ctica del comportamiento de los menores hacia sus deberes ciudadanos, respeto por las leyes y el bienestar de los dem\u00e1s miembros de [&hellip;]\" \/>\n<meta property=\"og:url\" content=\"https:\/\/fundacionmabbua.org\/es\/educacion\/\" \/>\n<meta property=\"og:site_name\" content=\"Fundaci\u00f3n Mabbua\" \/>\n<meta property=\"article:modified_time\" content=\"2022-08-01T17:29:38+00:00\" \/>\n<meta property=\"og:image\" content=\"https:\/\/fundacionmabbua.org\/wp-content\/uploads\/2022\/08\/educacion-1.png\" \/>\n<meta name=\"twitter:card\" content=\"summary_large_image\" \/>\n<meta name=\"twitter:label1\" content=\"Tiempo de lectura\" \/>\n\t<meta name=\"twitter:data1\" content=\"1 minuto\" \/>\n<script type=\"application\/ld+json\" class=\"yoast-schema-graph\">{\"@context\":\"https:\/\/schema.org\",\"@graph\":[{\"@type\":\"WebPage\",\"@id\":\"https:\/\/fundacionmabbua.org\/es\/educacion\/\",\"url\":\"https:\/\/fundacionmabbua.org\/es\/educacion\/\",\"name\":\"Educaci\u00f3n - Fundaci\u00f3n Mabbua\",\"isPartOf\":{\"@id\":\"https:\/\/fundacionmabbua.org\/es\/#website\"},\"primaryImageOfPage\":{\"@id\":\"https:\/\/fundacionmabbua.org\/es\/educacion\/#primaryimage\"},\"image\":{\"@id\":\"https:\/\/fundacionmabbua.org\/es\/educacion\/#primaryimage\"},\"thumbnailUrl\":\"https:\/\/fundacionmabbua.org\/wp-content\/uploads\/2022\/08\/educacion-1.png\",\"datePublished\":\"2020-01-20T02:37:36+00:00\",\"dateModified\":\"2022-08-01T17:29:38+00:00\",\"breadcrumb\":{\"@id\":\"https:\/\/fundacionmabbua.org\/es\/educacion\/#breadcrumb\"},\"inLanguage\":\"es\",\"potentialAction\":[{\"@type\":\"ReadAction\",\"target\":[\"https:\/\/fundacionmabbua.org\/es\/educacion\/\"]}]},{\"@type\":\"ImageObject\",\"inLanguage\":\"es\",\"@id\":\"https:\/\/fundacionmabbua.org\/es\/educacion\/#primaryimage\",\"url\":\"https:\/\/fundacionmabbua.org\/wp-content\/uploads\/2022\/08\/educacion-1.png\",\"contentUrl\":\"https:\/\/fundacionmabbua.org\/wp-content\/uploads\/2022\/08\/educacion-1.png\"},{\"@type\":\"BreadcrumbList\",\"@id\":\"https:\/\/fundacionmabbua.org\/es\/educacion\/#breadcrumb\",\"itemListElement\":[{\"@type\":\"ListItem\",\"position\":1,\"name\":\"Home\",\"item\":\"https:\/\/fundacionmabbua.org\/es\/home\/\"},{\"@type\":\"ListItem\",\"position\":2,\"name\":\"Educaci\u00f3n\"}]},{\"@type\":\"WebSite\",\"@id\":\"https:\/\/fundacionmabbua.org\/es\/#website\",\"url\":\"https:\/\/fundacionmabbua.org\/es\/\",\"name\":\"Fundaci\u00f3n Mabbua\",\"description\":\"Fundaci\u00f3n Mabbua para apoyo a ni\u00f1os y jovenes\",\"publisher\":{\"@id\":\"https:\/\/fundacionmabbua.org\/es\/#organization\"},\"potentialAction\":[{\"@type\":\"SearchAction\",\"target\":{\"@type\":\"EntryPoint\",\"urlTemplate\":\"https:\/\/fundacionmabbua.org\/es\/?s={search_term_string}\"},\"query-input\":{\"@type\":\"PropertyValueSpecification\",\"valueRequired\":true,\"valueName\":\"search_term_string\"}}],\"inLanguage\":\"es\"},{\"@type\":\"Organization\",\"@id\":\"https:\/\/fundacionmabbua.org\/es\/#organization\",\"name\":\"Fundaci\u00f3n Mabbua\",\"url\":\"https:\/\/fundacionmabbua.org\/es\/\",\"logo\":{\"@type\":\"ImageObject\",\"inLanguage\":\"es\",\"@id\":\"https:\/\/fundacionmabbua.org\/es\/#\/schema\/logo\/image\/\",\"url\":\"https:\/\/fundacionmabbua.org\/wp-content\/uploads\/2024\/04\/logo_casa_mabua.svg\",\"contentUrl\":\"https:\/\/fundacionmabbua.org\/wp-content\/uploads\/2024\/04\/logo_casa_mabua.svg\",\"width\":693,\"height\":524,\"caption\":\"Fundaci\u00f3n Mabbua\"},\"image\":{\"@id\":\"https:\/\/fundacionmabbua.org\/es\/#\/schema\/logo\/image\/\"}}]}<\/script>\n<!-- \/ Yoast SEO plugin. -->","yoast_head_json":{"title":"Educaci\u00f3n - Fundaci\u00f3n Mabbua","robots":{"index":"index","follow":"follow","max-snippet":"max-snippet:-1","max-image-preview":"max-image-preview:large","max-video-preview":"max-video-preview:-1"},"canonical":"https:\/\/fundacionmabbua.org\/es\/educacion\/","og_locale":"es_MX","og_type":"article","og_title":"Educaci\u00f3n - Fundaci\u00f3n Mabbua","og_description":"Educaci\u00f3n Se prev\u00e9e actividades de desarrollo acad\u00e9mico en la educaci\u00f3n formal escolarizada, la incorporaci\u00f3n de los menores a talleres productivos de actividad f\u00edsica, cursos de regularizaci\u00f3n y el desarrollo de esa faceta muy pr\u00e1ctica del comportamiento de los menores hacia sus deberes ciudadanos, respeto por las leyes y el bienestar de los dem\u00e1s miembros de [&hellip;]","og_url":"https:\/\/fundacionmabbua.org\/es\/educacion\/","og_site_name":"Fundaci\u00f3n Mabbua","article_modified_time":"2022-08-01T17:29:38+00:00","og_image":[{"url":"https:\/\/fundacionmabbua.org\/wp-content\/uploads\/2022\/08\/educacion-1.png","type":"","width":"","height":""}],"twitter_card":"summary_large_image","twitter_misc":{"Tiempo de lectura":"1 minuto"},"schema":{"@context":"https:\/\/schema.org","@graph":[{"@type":"WebPage","@id":"https:\/\/fundacionmabbua.org\/es\/educacion\/","url":"https:\/\/fundacionmabbua.org\/es\/educacion\/","name":"Educaci\u00f3n - Fundaci\u00f3n Mabbua","isPartOf":{"@id":"https:\/\/fundacionmabbua.org\/es\/#website"},"primaryImageOfPage":{"@id":"https:\/\/fundacionmabbua.org\/es\/educacion\/#primaryimage"},"image":{"@id":"https:\/\/fundacionmabbua.org\/es\/educacion\/#primaryimage"},"thumbnailUrl":"https:\/\/fundacionmabbua.org\/wp-content\/uploads\/2022\/08\/educacion-1.png","datePublished":"2020-01-20T02:37:36+00:00","dateModified":"2022-08-01T17:29:38+00:00","breadcrumb":{"@id":"https:\/\/fundacionmabbua.org\/es\/educacion\/#breadcrumb"},"inLanguage":"es","potentialAction":[{"@type":"ReadAction","target":["https:\/\/fundacionmabbua.org\/es\/educacion\/"]}]},{"@type":"ImageObject","inLanguage":"es","@id":"https:\/\/fundacionmabbua.org\/es\/educacion\/#primaryimage","url":"https:\/\/fundacionmabbua.org\/wp-content\/uploads\/2022\/08\/educacion-1.png","contentUrl":"https:\/\/fundacionmabbua.org\/wp-content\/uploads\/2022\/08\/educacion-1.png"},{"@type":"BreadcrumbList","@id":"https:\/\/fundacionmabbua.org\/es\/educacion\/#breadcrumb","itemListElement":[{"@type":"ListItem","position":1,"name":"Home","item":"https:\/\/fundacionmabbua.org\/es\/home\/"},{"@type":"ListItem","position":2,"name":"Educaci\u00f3n"}]},{"@type":"WebSite","@id":"https:\/\/fundacionmabbua.org\/es\/#website","url":"https:\/\/fundacionmabbua.org\/es\/","name":"Fundaci\u00f3n Mabbua","description":"Fundaci\u00f3n Mabbua para apoyo a ni\u00f1os y jovenes","publisher":{"@id":"https:\/\/fundacionmabbua.org\/es\/#organization"},"potentialAction":[{"@type":"SearchAction","target":{"@type":"EntryPoint","urlTemplate":"https:\/\/fundacionmabbua.org\/es\/?s={search_term_string}"},"query-input":{"@type":"PropertyValueSpecification","valueRequired":true,"valueName":"search_term_string"}}],"inLanguage":"es"},{"@type":"Organization","@id":"https:\/\/fundacionmabbua.org\/es\/#organization","name":"Fundaci\u00f3n Mabbua","url":"https:\/\/fundacionmabbua.org\/es\/","logo":{"@type":"ImageObject","inLanguage":"es","@id":"https:\/\/fundacionmabbua.org\/es\/#\/schema\/logo\/image\/","url":"https:\/\/fundacionmabbua.org\/wp-content\/uploads\/2024\/04\/logo_casa_mabua.svg","contentUrl":"https:\/\/fundacionmabbua.org\/wp-content\/uploads\/2024\/04\/logo_casa_mabua.svg","width":693,"height":524,"caption":"Fundaci\u00f3n Mabbua"},"image":{"@id":"https:\/\/fundacionmabbua.org\/es\/#\/schema\/logo\/image\/"}}]}},"campaignId":"","_links":{"self":[{"href":"https:\/\/fundacionmabbua.org\/es\/wp-json\/wp\/v2\/pages\/9402","targetHints":{"allow":["GET"]}}],"collection":[{"href":"https:\/\/fundacionmabbua.org\/es\/wp-json\/wp\/v2\/pages"}],"about":[{"href":"https:\/\/fundacionmabbua.org\/es\/wp-json\/wp\/v2\/types\/page"}],"author":[{"embeddable":true,"href":"https:\/\/fundacionmabbua.org\/es\/wp-json\/wp\/v2\/users\/1"}],"replies":[{"embeddable":true,"href":"https:\/\/fundacionmabbua.org\/es\/wp-json\/wp\/v2\/comments?post=9402"}],"version-history":[{"count":16,"href":"https:\/\/fundacionmabbua.org\/es\/wp-json\/wp\/v2\/pages\/9402\/revisions"}],"predecessor-version":[{"id":10754,"href":"https:\/\/fundacionmabbua.org\/es\/wp-json\/wp\/v2\/pages\/9402\/revisions\/10754"}],"wp:attachment":[{"href":"https:\/\/fundacionmabbua.org\/es\/wp-json\/wp\/v2\/media?parent=9402"}],"curies":[{"name":"wp","href":"https:\/\/api.w.org\/{rel}","templated":true}]}}