{"id":9365,"date":"2020-01-20T02:37:36","date_gmt":"2020-01-20T02:37:36","guid":{"rendered":"https:\/\/fundacionmabbua.org\/asistenciales-basicos-2\/"},"modified":"2022-08-01T17:25:42","modified_gmt":"2022-08-01T17:25:42","slug":"salud","status":"publish","type":"page","link":"https:\/\/fundacionmabbua.org\/es\/salud\/","title":{"rendered":"Salud"},"content":{"rendered":"<body>\t\t<div data-elementor-type=\"wp-page\" data-elementor-id=\"9365\" class=\"elementor elementor-9365\">\n\t\t\t\t\t\t<section class=\"elementor-section elementor-top-section elementor-element elementor-element-82b19cf elementor-section-stretched elementor-section-boxed elementor-section-height-default elementor-section-height-default\" data-id=\"82b19cf\" data-element_type=\"section\" data-settings='{\"stretch_section\":\"section-stretched\",\"background_background\":\"classic\"}'>\n\t\t\t\t\t\t<div class=\"elementor-container elementor-column-gap-no\">\n\t\t\t\t\t<div class=\"elementor-column elementor-col-100 elementor-top-column elementor-element elementor-element-519bac9\" data-id=\"519bac9\" data-element_type=\"column\" data-settings='{\"background_background\":\"classic\"}'>\n\t\t\t<div class=\"elementor-widget-wrap elementor-element-populated\">\n\t\t\t\t\t\t<section class=\"elementor-section elementor-inner-section elementor-element elementor-element-9840169 elementor-section-boxed elementor-section-height-default elementor-section-height-default\" data-id=\"9840169\" data-element_type=\"section\">\n\t\t\t\t\t\t<div class=\"elementor-container elementor-column-gap-no\">\n\t\t\t\t\t<div class=\"elementor-column elementor-col-50 elementor-inner-column elementor-element elementor-element-c5e42e1\" data-id=\"c5e42e1\" data-element_type=\"column\">\n\t\t\t<div class=\"elementor-widget-wrap elementor-element-populated\">\n\t\t\t\t\t\t<div class=\"elementor-element elementor-element-e7bd377 elementor-widget elementor-widget-image\" data-id=\"e7bd377\" data-element_type=\"widget\" data-widget_type=\"image.default\">\n\t\t\t\t<div class=\"elementor-widget-container\">\n\t\t\t\t\t\t\t\t\t\t\t\t\t\t\t<img loading=\"lazy\" decoding=\"async\" width=\"626\" height=\"610\" src=\"https:\/\/fundacionmabbua.org\/wp-content\/uploads\/2022\/08\/salud.png\" class=\"attachment-full size-full wp-image-10735\" alt=\"\" srcset=\"https:\/\/fundacionmabbua.org\/wp-content\/uploads\/2022\/08\/salud.png 626w, https:\/\/fundacionmabbua.org\/wp-content\/uploads\/2022\/08\/salud-300x292.png 300w, https:\/\/fundacionmabbua.org\/wp-content\/uploads\/2022\/08\/salud-12x12.png 12w, https:\/\/fundacionmabbua.org\/wp-content\/uploads\/2022\/08\/salud-400x390.png 400w\" sizes=\"auto, (max-width: 626px) 100vw, 626px\" loading=\"lazy\">\t\t\t\t\t\t\t\t\t\t\t\t\t\t\t<\/div>\n\t\t\t\t<\/div>\n\t\t\t\t\t<\/div>\n\t\t<\/div>\n\t\t\t\t<div class=\"elementor-column elementor-col-50 elementor-inner-column elementor-element elementor-element-afa7211\" data-id=\"afa7211\" data-element_type=\"column\">\n\t\t\t<div class=\"elementor-widget-wrap elementor-element-populated\">\n\t\t\t\t\t\t<div class=\"elementor-element elementor-element-677dcc5 elementor-align-left elementor-widget__width-initial elementor-widget elementor-widget-heading\" data-id=\"677dcc5\" data-element_type=\"widget\" data-widget_type=\"heading.default\">\n\t\t\t\t<div class=\"elementor-widget-container\">\n\t\t\t\t\t<span class=\"sub-title\"><br><\/span><h2 class=\"elementor-heading-title elementor-size-default\">Salud<\/h2>\t\t\t\t<\/div>\n\t\t\t\t<\/div>\n\t\t\t\t<div class=\"elementor-element elementor-element-76616b8 elementor-widget elementor-widget-text-editor\" data-id=\"76616b8\" data-element_type=\"widget\" data-widget_type=\"text-editor.default\">\n\t\t\t\t<div class=\"elementor-widget-container\">\n\t\t\t\t\t        <div class=\"elementor-text-editor elementor-clearfix\"><p>Este eje contempla 5 vertientes, la atenci\u00f3n m\u00e9dica de primer nivel para velar por el desarrollo, crecimiento y el diagn\u00f3stico temprano de patolog\u00edas, la inmunizaci\u00f3n, promoci\u00f3n de la salud f\u00edsica y mental, cuidado de la salud bucal sea preventivo o tratamiento a patolog\u00edas, el mantenimiento y recuperaci\u00f3n del estado nutricional con dietas especiales o acorde con las necesidades de los menores, acompa\u00f1amiento psicoterap\u00e9utico y autocuidado. Para ello, se apoyar\u00e1 de las siguientes \u00e1reas:<\/p><ul><li style=\"list-style-type: none;\"><ul><li>Asistencia m\u00e9dica y de enfermer\u00eda.<\/li><li>Asistencia odontol\u00f3gica.<\/li><li>Nutrici\u00f3n.<\/li><li>Higiene.<\/li><li>Asistencia psicol\u00f3gica.<\/li><\/ul><\/li><\/ul><\/div>\n        \t\t\t\t<\/div>\n\t\t\t\t<\/div>\n\t\t\t\t\t<\/div>\n\t\t<\/div>\n\t\t\t\t\t<\/div>\n\t\t<\/section>\n\t\t\t\t\t<\/div>\n\t\t<\/div>\n\t\t\t\t\t<\/div>\n\t\t<\/section>\n\t\t\t\t<\/div>\n\t\t<\/body>","protected":false},"excerpt":{"rendered":"<p>Salud Este eje contempla 5 vertientes, la atenci\u00f3n m\u00e9dica de primer nivel para velar por el desarrollo, crecimiento y el diagn\u00f3stico temprano de patolog\u00edas, la inmunizaci\u00f3n, promoci\u00f3n de la salud f\u00edsica y mental, cuidado de la salud bucal sea preventivo o tratamiento a patolog\u00edas, el mantenimiento y recuperaci\u00f3n del estado nutricional con dietas especiales o [&hellip;]<\/p>\n","protected":false},"author":1,"featured_media":0,"parent":0,"menu_order":0,"comment_status":"closed","ping_status":"closed","template":"page-elementor.php","meta":{"give_campaign_id":0,"nf_dc_page":"","om_disable_all_campaigns":false,"inline_featured_image":false,"footnotes":""},"class_list":["post-9365","page","type-page","status-publish","hentry"],"yoast_head":"<!-- This site is optimized with the Yoast SEO plugin v27.2 - https:\/\/yoast.com\/product\/yoast-seo-wordpress\/ -->\n<title>Salud - Fundaci\u00f3n Mabbua<\/title>\n<meta name=\"robots\" content=\"index, follow, max-snippet:-1, max-image-preview:large, max-video-preview:-1\" \/>\n<link rel=\"canonical\" href=\"https:\/\/fundacionmabbua.org\/es\/salud\/\" \/>\n<meta property=\"og:locale\" content=\"es_MX\" \/>\n<meta property=\"og:type\" content=\"article\" \/>\n<meta property=\"og:title\" content=\"Salud - Fundaci\u00f3n Mabbua\" \/>\n<meta property=\"og:description\" content=\"Salud Este eje contempla 5 vertientes, la atenci\u00f3n m\u00e9dica de primer nivel para velar por el desarrollo, crecimiento y el diagn\u00f3stico temprano de patolog\u00edas, la inmunizaci\u00f3n, promoci\u00f3n de la salud f\u00edsica y mental, cuidado de la salud bucal sea preventivo o tratamiento a patolog\u00edas, el mantenimiento y recuperaci\u00f3n del estado nutricional con dietas especiales o [&hellip;]\" \/>\n<meta property=\"og:url\" content=\"https:\/\/fundacionmabbua.org\/es\/salud\/\" \/>\n<meta property=\"og:site_name\" content=\"Fundaci\u00f3n Mabbua\" \/>\n<meta property=\"article:modified_time\" content=\"2022-08-01T17:25:42+00:00\" \/>\n<meta property=\"og:image\" content=\"https:\/\/fundacionmabbua.org\/wp-content\/uploads\/2022\/08\/salud.png\" \/>\n<meta name=\"twitter:card\" content=\"summary_large_image\" \/>\n<meta name=\"twitter:label1\" content=\"Tiempo de lectura\" \/>\n\t<meta name=\"twitter:data1\" content=\"1 minuto\" \/>\n<script type=\"application\/ld+json\" class=\"yoast-schema-graph\">{\"@context\":\"https:\/\/schema.org\",\"@graph\":[{\"@type\":\"WebPage\",\"@id\":\"https:\/\/fundacionmabbua.org\/es\/salud\/\",\"url\":\"https:\/\/fundacionmabbua.org\/es\/salud\/\",\"name\":\"Salud - Fundaci\u00f3n Mabbua\",\"isPartOf\":{\"@id\":\"https:\/\/fundacionmabbua.org\/es\/#website\"},\"primaryImageOfPage\":{\"@id\":\"https:\/\/fundacionmabbua.org\/es\/salud\/#primaryimage\"},\"image\":{\"@id\":\"https:\/\/fundacionmabbua.org\/es\/salud\/#primaryimage\"},\"thumbnailUrl\":\"https:\/\/fundacionmabbua.org\/wp-content\/uploads\/2022\/08\/salud.png\",\"datePublished\":\"2020-01-20T02:37:36+00:00\",\"dateModified\":\"2022-08-01T17:25:42+00:00\",\"breadcrumb\":{\"@id\":\"https:\/\/fundacionmabbua.org\/es\/salud\/#breadcrumb\"},\"inLanguage\":\"es\",\"potentialAction\":[{\"@type\":\"ReadAction\",\"target\":[\"https:\/\/fundacionmabbua.org\/es\/salud\/\"]}]},{\"@type\":\"ImageObject\",\"inLanguage\":\"es\",\"@id\":\"https:\/\/fundacionmabbua.org\/es\/salud\/#primaryimage\",\"url\":\"https:\/\/fundacionmabbua.org\/wp-content\/uploads\/2022\/08\/salud.png\",\"contentUrl\":\"https:\/\/fundacionmabbua.org\/wp-content\/uploads\/2022\/08\/salud.png\"},{\"@type\":\"BreadcrumbList\",\"@id\":\"https:\/\/fundacionmabbua.org\/es\/salud\/#breadcrumb\",\"itemListElement\":[{\"@type\":\"ListItem\",\"position\":1,\"name\":\"Home\",\"item\":\"https:\/\/fundacionmabbua.org\/es\/home\/\"},{\"@type\":\"ListItem\",\"position\":2,\"name\":\"Salud\"}]},{\"@type\":\"WebSite\",\"@id\":\"https:\/\/fundacionmabbua.org\/es\/#website\",\"url\":\"https:\/\/fundacionmabbua.org\/es\/\",\"name\":\"Fundaci\u00f3n Mabbua\",\"description\":\"Fundaci\u00f3n Mabbua para apoyo a ni\u00f1os y jovenes\",\"publisher\":{\"@id\":\"https:\/\/fundacionmabbua.org\/es\/#organization\"},\"potentialAction\":[{\"@type\":\"SearchAction\",\"target\":{\"@type\":\"EntryPoint\",\"urlTemplate\":\"https:\/\/fundacionmabbua.org\/es\/?s={search_term_string}\"},\"query-input\":{\"@type\":\"PropertyValueSpecification\",\"valueRequired\":true,\"valueName\":\"search_term_string\"}}],\"inLanguage\":\"es\"},{\"@type\":\"Organization\",\"@id\":\"https:\/\/fundacionmabbua.org\/es\/#organization\",\"name\":\"Fundaci\u00f3n Mabbua\",\"url\":\"https:\/\/fundacionmabbua.org\/es\/\",\"logo\":{\"@type\":\"ImageObject\",\"inLanguage\":\"es\",\"@id\":\"https:\/\/fundacionmabbua.org\/es\/#\/schema\/logo\/image\/\",\"url\":\"https:\/\/fundacionmabbua.org\/wp-content\/uploads\/2024\/04\/logo_casa_mabua.svg\",\"contentUrl\":\"https:\/\/fundacionmabbua.org\/wp-content\/uploads\/2024\/04\/logo_casa_mabua.svg\",\"width\":693,\"height\":524,\"caption\":\"Fundaci\u00f3n Mabbua\"},\"image\":{\"@id\":\"https:\/\/fundacionmabbua.org\/es\/#\/schema\/logo\/image\/\"}}]}<\/script>\n<!-- \/ Yoast SEO plugin. -->","yoast_head_json":{"title":"Salud - Fundaci\u00f3n Mabbua","robots":{"index":"index","follow":"follow","max-snippet":"max-snippet:-1","max-image-preview":"max-image-preview:large","max-video-preview":"max-video-preview:-1"},"canonical":"https:\/\/fundacionmabbua.org\/es\/salud\/","og_locale":"es_MX","og_type":"article","og_title":"Salud - Fundaci\u00f3n Mabbua","og_description":"Salud Este eje contempla 5 vertientes, la atenci\u00f3n m\u00e9dica de primer nivel para velar por el desarrollo, crecimiento y el diagn\u00f3stico temprano de patolog\u00edas, la inmunizaci\u00f3n, promoci\u00f3n de la salud f\u00edsica y mental, cuidado de la salud bucal sea preventivo o tratamiento a patolog\u00edas, el mantenimiento y recuperaci\u00f3n del estado nutricional con dietas especiales o [&hellip;]","og_url":"https:\/\/fundacionmabbua.org\/es\/salud\/","og_site_name":"Fundaci\u00f3n Mabbua","article_modified_time":"2022-08-01T17:25:42+00:00","og_image":[{"url":"https:\/\/fundacionmabbua.org\/wp-content\/uploads\/2022\/08\/salud.png","type":"","width":"","height":""}],"twitter_card":"summary_large_image","twitter_misc":{"Tiempo de lectura":"1 minuto"},"schema":{"@context":"https:\/\/schema.org","@graph":[{"@type":"WebPage","@id":"https:\/\/fundacionmabbua.org\/es\/salud\/","url":"https:\/\/fundacionmabbua.org\/es\/salud\/","name":"Salud - Fundaci\u00f3n Mabbua","isPartOf":{"@id":"https:\/\/fundacionmabbua.org\/es\/#website"},"primaryImageOfPage":{"@id":"https:\/\/fundacionmabbua.org\/es\/salud\/#primaryimage"},"image":{"@id":"https:\/\/fundacionmabbua.org\/es\/salud\/#primaryimage"},"thumbnailUrl":"https:\/\/fundacionmabbua.org\/wp-content\/uploads\/2022\/08\/salud.png","datePublished":"2020-01-20T02:37:36+00:00","dateModified":"2022-08-01T17:25:42+00:00","breadcrumb":{"@id":"https:\/\/fundacionmabbua.org\/es\/salud\/#breadcrumb"},"inLanguage":"es","potentialAction":[{"@type":"ReadAction","target":["https:\/\/fundacionmabbua.org\/es\/salud\/"]}]},{"@type":"ImageObject","inLanguage":"es","@id":"https:\/\/fundacionmabbua.org\/es\/salud\/#primaryimage","url":"https:\/\/fundacionmabbua.org\/wp-content\/uploads\/2022\/08\/salud.png","contentUrl":"https:\/\/fundacionmabbua.org\/wp-content\/uploads\/2022\/08\/salud.png"},{"@type":"BreadcrumbList","@id":"https:\/\/fundacionmabbua.org\/es\/salud\/#breadcrumb","itemListElement":[{"@type":"ListItem","position":1,"name":"Home","item":"https:\/\/fundacionmabbua.org\/es\/home\/"},{"@type":"ListItem","position":2,"name":"Salud"}]},{"@type":"WebSite","@id":"https:\/\/fundacionmabbua.org\/es\/#website","url":"https:\/\/fundacionmabbua.org\/es\/","name":"Fundaci\u00f3n Mabbua","description":"Fundaci\u00f3n Mabbua para apoyo a ni\u00f1os y jovenes","publisher":{"@id":"https:\/\/fundacionmabbua.org\/es\/#organization"},"potentialAction":[{"@type":"SearchAction","target":{"@type":"EntryPoint","urlTemplate":"https:\/\/fundacionmabbua.org\/es\/?s={search_term_string}"},"query-input":{"@type":"PropertyValueSpecification","valueRequired":true,"valueName":"search_term_string"}}],"inLanguage":"es"},{"@type":"Organization","@id":"https:\/\/fundacionmabbua.org\/es\/#organization","name":"Fundaci\u00f3n Mabbua","url":"https:\/\/fundacionmabbua.org\/es\/","logo":{"@type":"ImageObject","inLanguage":"es","@id":"https:\/\/fundacionmabbua.org\/es\/#\/schema\/logo\/image\/","url":"https:\/\/fundacionmabbua.org\/wp-content\/uploads\/2024\/04\/logo_casa_mabua.svg","contentUrl":"https:\/\/fundacionmabbua.org\/wp-content\/uploads\/2024\/04\/logo_casa_mabua.svg","width":693,"height":524,"caption":"Fundaci\u00f3n Mabbua"},"image":{"@id":"https:\/\/fundacionmabbua.org\/es\/#\/schema\/logo\/image\/"}}]}},"campaignId":"","_links":{"self":[{"href":"https:\/\/fundacionmabbua.org\/es\/wp-json\/wp\/v2\/pages\/9365","targetHints":{"allow":["GET"]}}],"collection":[{"href":"https:\/\/fundacionmabbua.org\/es\/wp-json\/wp\/v2\/pages"}],"about":[{"href":"https:\/\/fundacionmabbua.org\/es\/wp-json\/wp\/v2\/types\/page"}],"author":[{"embeddable":true,"href":"https:\/\/fundacionmabbua.org\/es\/wp-json\/wp\/v2\/users\/1"}],"replies":[{"embeddable":true,"href":"https:\/\/fundacionmabbua.org\/es\/wp-json\/wp\/v2\/comments?post=9365"}],"version-history":[{"count":29,"href":"https:\/\/fundacionmabbua.org\/es\/wp-json\/wp\/v2\/pages\/9365\/revisions"}],"predecessor-version":[{"id":10747,"href":"https:\/\/fundacionmabbua.org\/es\/wp-json\/wp\/v2\/pages\/9365\/revisions\/10747"}],"wp:attachment":[{"href":"https:\/\/fundacionmabbua.org\/es\/wp-json\/wp\/v2\/media?parent=9365"}],"curies":[{"name":"wp","href":"https:\/\/api.w.org\/{rel}","templated":true}]}}