{"id":3081,"date":"2020-01-20T01:45:23","date_gmt":"2020-01-20T01:45:23","guid":{"rendered":"http:\/\/dev2.wpopal.com\/fundor\/?page_id=3081"},"modified":"2020-01-20T01:45:23","modified_gmt":"2020-01-20T01:45:23","slug":"donation","status":"publish","type":"page","link":"https:\/\/fundacionmabbua.org\/es\/donation\/","title":{"rendered":"Donation"},"content":{"rendered":"<body>\t\t<div data-elementor-type=\"wp-page\" data-elementor-id=\"3081\" class=\"elementor elementor-3081\">\n\t\t\t\t\t\t<section class=\"elementor-section elementor-top-section elementor-element elementor-element-8c3dbfd elementor-section-stretched elementor-section-boxed elementor-section-height-default elementor-section-height-default\" data-id=\"8c3dbfd\" data-element_type=\"section\" data-settings='{\"stretch_section\":\"section-stretched\",\"background_background\":\"classic\"}'>\n\t\t\t\t\t\t<div class=\"elementor-container elementor-column-gap-no\">\n\t\t\t\t\t<div class=\"elementor-column elementor-col-100 elementor-top-column elementor-element elementor-element-1c59d6d\" data-id=\"1c59d6d\" data-element_type=\"column\">\n\t\t\t<div class=\"elementor-widget-wrap elementor-element-populated\">\n\t\t\t\t\t\t<div class=\"elementor-element elementor-element-b97acc4 elementor-align-center elementor-widget elementor-widget-heading\" data-id=\"b97acc4\" data-element_type=\"widget\" data-widget_type=\"heading.default\">\n\t\t\t\t<div class=\"elementor-widget-container\">\n\t\t\t\t\t<h2 class=\"elementor-heading-title elementor-size-default\">Donate Now<\/h2>\t\t\t\t<\/div>\n\t\t\t\t<\/div>\n\t\t\t\t<div class=\"elementor-element elementor-element-fcbaede elementor-widget elementor-widget-text-editor\" data-id=\"fcbaede\" data-element_type=\"widget\" data-widget_type=\"text-editor.default\">\n\t\t\t\t<div class=\"elementor-widget-container\">\n\t\t\t\t\t        <div class=\"elementor-text-editor elementor-clearfix\"><p>Recurring donations allow your donors to support your cause on an ongoing basis. This demo provides the donor with the option to make their donation a subscription as well as customize the giving frequency<\/p><\/div>\n        \t\t\t\t<\/div>\n\t\t\t\t<\/div>\n\t\t\t\t<div class=\"elementor-element elementor-element-f0f7dfd elementor-widget elementor-widget-opal-give-form\" data-id=\"f0f7dfd\" data-element_type=\"widget\" data-widget_type=\"opal-give-form.default\">\n\t\t\t\t<div class=\"elementor-widget-container\">\n\t\t\t\t\t<div class=\"give_notices give_errors\" id=\"give_error_warning\">\n\t\t\t\t\t\t<p class=\"give_notice give_warning\" data-dismissible=\"\" data-dismiss-interval=\"5000\" data-dismiss-type=\"\">\n\t\t\t\t\t\t\tEl formulario no ha sido publicado\n\t\t\t\t\t\t<\/p>\n\t\t\t\t\t\t\n\t\t\t\t\t<\/div>\t\t\t\t<\/div>\n\t\t\t\t<\/div>\n\t\t\t\t\t<\/div>\n\t\t<\/div>\n\t\t\t\t\t<\/div>\n\t\t<\/section>\n\t\t\t\t<\/div>\n\t\t<\/body>","protected":false},"excerpt":{"rendered":"","protected":false},"author":1,"featured_media":0,"parent":0,"menu_order":0,"comment_status":"closed","ping_status":"closed","template":"page-elementor.php","meta":{"give_campaign_id":0,"nf_dc_page":"","om_disable_all_campaigns":false,"inline_featured_image":false,"footnotes":""},"class_list":["post-3081","page","type-page","status-publish","hentry"],"yoast_head":"<!-- This site is optimized with the Yoast SEO plugin v27.2 - https:\/\/yoast.com\/product\/yoast-seo-wordpress\/ -->\n<title>Donation - Fundaci\u00f3n Mabbua<\/title>\n<meta name=\"robots\" content=\"index, follow, max-snippet:-1, max-image-preview:large, max-video-preview:-1\" \/>\n<link rel=\"canonical\" href=\"https:\/\/fundacionmabbua.org\/es\/donation\/\" \/>\n<meta property=\"og:locale\" content=\"es_MX\" \/>\n<meta property=\"og:type\" content=\"article\" \/>\n<meta property=\"og:title\" content=\"Donation - Fundaci\u00f3n Mabbua\" \/>\n<meta property=\"og:url\" content=\"https:\/\/fundacionmabbua.org\/es\/donation\/\" \/>\n<meta property=\"og:site_name\" content=\"Fundaci\u00f3n Mabbua\" \/>\n<meta name=\"twitter:card\" content=\"summary_large_image\" \/>\n<script type=\"application\/ld+json\" class=\"yoast-schema-graph\">{\"@context\":\"https:\/\/schema.org\",\"@graph\":[{\"@type\":\"WebPage\",\"@id\":\"https:\/\/fundacionmabbua.org\/es\/donation\/\",\"url\":\"https:\/\/fundacionmabbua.org\/es\/donation\/\",\"name\":\"Donation - Fundaci\u00f3n Mabbua\",\"isPartOf\":{\"@id\":\"https:\/\/fundacionmabbua.org\/es\/#website\"},\"datePublished\":\"2020-01-20T01:45:23+00:00\",\"breadcrumb\":{\"@id\":\"https:\/\/fundacionmabbua.org\/es\/donation\/#breadcrumb\"},\"inLanguage\":\"es\",\"potentialAction\":[{\"@type\":\"ReadAction\",\"target\":[\"https:\/\/fundacionmabbua.org\/es\/donation\/\"]}]},{\"@type\":\"BreadcrumbList\",\"@id\":\"https:\/\/fundacionmabbua.org\/es\/donation\/#breadcrumb\",\"itemListElement\":[{\"@type\":\"ListItem\",\"position\":1,\"name\":\"Home\",\"item\":\"https:\/\/fundacionmabbua.org\/es\/home\/\"},{\"@type\":\"ListItem\",\"position\":2,\"name\":\"Donation\"}]},{\"@type\":\"WebSite\",\"@id\":\"https:\/\/fundacionmabbua.org\/es\/#website\",\"url\":\"https:\/\/fundacionmabbua.org\/es\/\",\"name\":\"Fundaci\u00f3n Mabbua\",\"description\":\"Fundaci\u00f3n Mabbua para apoyo a ni\u00f1os y jovenes\",\"publisher\":{\"@id\":\"https:\/\/fundacionmabbua.org\/es\/#organization\"},\"potentialAction\":[{\"@type\":\"SearchAction\",\"target\":{\"@type\":\"EntryPoint\",\"urlTemplate\":\"https:\/\/fundacionmabbua.org\/es\/?s={search_term_string}\"},\"query-input\":{\"@type\":\"PropertyValueSpecification\",\"valueRequired\":true,\"valueName\":\"search_term_string\"}}],\"inLanguage\":\"es\"},{\"@type\":\"Organization\",\"@id\":\"https:\/\/fundacionmabbua.org\/es\/#organization\",\"name\":\"Fundaci\u00f3n Mabbua\",\"url\":\"https:\/\/fundacionmabbua.org\/es\/\",\"logo\":{\"@type\":\"ImageObject\",\"inLanguage\":\"es\",\"@id\":\"https:\/\/fundacionmabbua.org\/es\/#\/schema\/logo\/image\/\",\"url\":\"https:\/\/fundacionmabbua.org\/wp-content\/uploads\/2024\/04\/logo_casa_mabua.svg\",\"contentUrl\":\"https:\/\/fundacionmabbua.org\/wp-content\/uploads\/2024\/04\/logo_casa_mabua.svg\",\"width\":693,\"height\":524,\"caption\":\"Fundaci\u00f3n Mabbua\"},\"image\":{\"@id\":\"https:\/\/fundacionmabbua.org\/es\/#\/schema\/logo\/image\/\"}}]}<\/script>\n<!-- \/ Yoast SEO plugin. -->","yoast_head_json":{"title":"Donation - Fundaci\u00f3n Mabbua","robots":{"index":"index","follow":"follow","max-snippet":"max-snippet:-1","max-image-preview":"max-image-preview:large","max-video-preview":"max-video-preview:-1"},"canonical":"https:\/\/fundacionmabbua.org\/es\/donation\/","og_locale":"es_MX","og_type":"article","og_title":"Donation - Fundaci\u00f3n Mabbua","og_url":"https:\/\/fundacionmabbua.org\/es\/donation\/","og_site_name":"Fundaci\u00f3n Mabbua","twitter_card":"summary_large_image","schema":{"@context":"https:\/\/schema.org","@graph":[{"@type":"WebPage","@id":"https:\/\/fundacionmabbua.org\/es\/donation\/","url":"https:\/\/fundacionmabbua.org\/es\/donation\/","name":"Donation - Fundaci\u00f3n Mabbua","isPartOf":{"@id":"https:\/\/fundacionmabbua.org\/es\/#website"},"datePublished":"2020-01-20T01:45:23+00:00","breadcrumb":{"@id":"https:\/\/fundacionmabbua.org\/es\/donation\/#breadcrumb"},"inLanguage":"es","potentialAction":[{"@type":"ReadAction","target":["https:\/\/fundacionmabbua.org\/es\/donation\/"]}]},{"@type":"BreadcrumbList","@id":"https:\/\/fundacionmabbua.org\/es\/donation\/#breadcrumb","itemListElement":[{"@type":"ListItem","position":1,"name":"Home","item":"https:\/\/fundacionmabbua.org\/es\/home\/"},{"@type":"ListItem","position":2,"name":"Donation"}]},{"@type":"WebSite","@id":"https:\/\/fundacionmabbua.org\/es\/#website","url":"https:\/\/fundacionmabbua.org\/es\/","name":"Fundaci\u00f3n Mabbua","description":"Fundaci\u00f3n Mabbua para apoyo a ni\u00f1os y jovenes","publisher":{"@id":"https:\/\/fundacionmabbua.org\/es\/#organization"},"potentialAction":[{"@type":"SearchAction","target":{"@type":"EntryPoint","urlTemplate":"https:\/\/fundacionmabbua.org\/es\/?s={search_term_string}"},"query-input":{"@type":"PropertyValueSpecification","valueRequired":true,"valueName":"search_term_string"}}],"inLanguage":"es"},{"@type":"Organization","@id":"https:\/\/fundacionmabbua.org\/es\/#organization","name":"Fundaci\u00f3n Mabbua","url":"https:\/\/fundacionmabbua.org\/es\/","logo":{"@type":"ImageObject","inLanguage":"es","@id":"https:\/\/fundacionmabbua.org\/es\/#\/schema\/logo\/image\/","url":"https:\/\/fundacionmabbua.org\/wp-content\/uploads\/2024\/04\/logo_casa_mabua.svg","contentUrl":"https:\/\/fundacionmabbua.org\/wp-content\/uploads\/2024\/04\/logo_casa_mabua.svg","width":693,"height":524,"caption":"Fundaci\u00f3n Mabbua"},"image":{"@id":"https:\/\/fundacionmabbua.org\/es\/#\/schema\/logo\/image\/"}}]}},"campaignId":"","_links":{"self":[{"href":"https:\/\/fundacionmabbua.org\/es\/wp-json\/wp\/v2\/pages\/3081","targetHints":{"allow":["GET"]}}],"collection":[{"href":"https:\/\/fundacionmabbua.org\/es\/wp-json\/wp\/v2\/pages"}],"about":[{"href":"https:\/\/fundacionmabbua.org\/es\/wp-json\/wp\/v2\/types\/page"}],"author":[{"embeddable":true,"href":"https:\/\/fundacionmabbua.org\/es\/wp-json\/wp\/v2\/users\/1"}],"replies":[{"embeddable":true,"href":"https:\/\/fundacionmabbua.org\/es\/wp-json\/wp\/v2\/comments?post=3081"}],"version-history":[{"count":1,"href":"https:\/\/fundacionmabbua.org\/es\/wp-json\/wp\/v2\/pages\/3081\/revisions"}],"predecessor-version":[{"id":9359,"href":"https:\/\/fundacionmabbua.org\/es\/wp-json\/wp\/v2\/pages\/3081\/revisions\/9359"}],"wp:attachment":[{"href":"https:\/\/fundacionmabbua.org\/es\/wp-json\/wp\/v2\/media?parent=3081"}],"curies":[{"name":"wp","href":"https:\/\/api.w.org\/{rel}","templated":true}]}}