{"id":11487,"date":"2020-01-20T02:37:36","date_gmt":"2020-01-20T08:37:36","guid":{"rendered":"https:\/\/fundacionmabbua.org\/educacion-copia\/"},"modified":"2025-07-03T10:48:24","modified_gmt":"2025-07-03T16:48:24","slug":"education","status":"publish","type":"page","link":"https:\/\/fundacionmabbua.org\/en\/education\/","title":{"rendered":"Education"},"content":{"rendered":"<body>\t\t<div data-elementor-type=\"wp-page\" data-elementor-id=\"11487\" class=\"elementor elementor-11487\">\n\t\t\t\t\t\t<section class=\"elementor-section elementor-top-section elementor-element elementor-element-82b19cf elementor-section-stretched elementor-section-boxed elementor-section-height-default elementor-section-height-default\" data-id=\"82b19cf\" data-element_type=\"section\" data-settings='{\"stretch_section\":\"section-stretched\",\"background_background\":\"classic\"}'>\n\t\t\t\t\t\t<div class=\"elementor-container elementor-column-gap-no\">\n\t\t\t\t\t<div class=\"elementor-column elementor-col-100 elementor-top-column elementor-element elementor-element-519bac9\" data-id=\"519bac9\" data-element_type=\"column\" data-settings='{\"background_background\":\"classic\"}'>\n\t\t\t<div class=\"elementor-widget-wrap elementor-element-populated\">\n\t\t\t\t\t\t<section class=\"elementor-section elementor-inner-section elementor-element elementor-element-9840169 elementor-section-boxed elementor-section-height-default elementor-section-height-default\" data-id=\"9840169\" data-element_type=\"section\">\n\t\t\t\t\t\t<div class=\"elementor-container elementor-column-gap-no\">\n\t\t\t\t\t<div class=\"elementor-column elementor-col-50 elementor-inner-column elementor-element elementor-element-c5e42e1\" data-id=\"c5e42e1\" data-element_type=\"column\">\n\t\t\t<div class=\"elementor-widget-wrap elementor-element-populated\">\n\t\t\t\t\t\t<div class=\"elementor-element elementor-element-e7bd377 elementor-widget elementor-widget-image\" data-id=\"e7bd377\" data-element_type=\"widget\" data-widget_type=\"image.default\">\n\t\t\t\t<div class=\"elementor-widget-container\">\n\t\t\t\t\t\t\t\t\t\t\t\t\t\t\t<img loading=\"lazy\" decoding=\"async\" width=\"747\" height=\"833\" src=\"https:\/\/fundacionmabbua.org\/wp-content\/uploads\/2022\/08\/educacion-1.png\" class=\"attachment-full size-full wp-image-10723\" alt=\"\" srcset=\"https:\/\/fundacionmabbua.org\/wp-content\/uploads\/2022\/08\/educacion-1.png 747w, https:\/\/fundacionmabbua.org\/wp-content\/uploads\/2022\/08\/educacion-1-269x300.png 269w, https:\/\/fundacionmabbua.org\/wp-content\/uploads\/2022\/08\/educacion-1-11x12.png 11w, https:\/\/fundacionmabbua.org\/wp-content\/uploads\/2022\/08\/educacion-1-400x446.png 400w\" sizes=\"auto, (max-width: 747px) 100vw, 747px\">\t\t\t\t\t\t\t\t\t\t\t\t\t\t\t<\/div>\n\t\t\t\t<\/div>\n\t\t\t\t\t<\/div>\n\t\t<\/div>\n\t\t\t\t<div class=\"elementor-column elementor-col-50 elementor-inner-column elementor-element elementor-element-afa7211\" data-id=\"afa7211\" data-element_type=\"column\">\n\t\t\t<div class=\"elementor-widget-wrap elementor-element-populated\">\n\t\t\t\t\t\t<div class=\"elementor-element elementor-element-677dcc5 elementor-align-left elementor-widget__width-initial elementor-widget elementor-widget-heading\" data-id=\"677dcc5\" data-element_type=\"widget\" data-widget_type=\"heading.default\">\n\t\t\t\t<div class=\"elementor-widget-container\">\n\t\t\t\t\t<span class=\"sub-title\"><br><\/span><h1 class=\"elementor-heading-title elementor-size-default\">Education<\/h1>\t\t\t\t<\/div>\n\t\t\t\t<\/div>\n\t\t\t\t<div class=\"elementor-element elementor-element-29749f2 elementor-widget elementor-widget-text-editor\" data-id=\"29749f2\" data-element_type=\"widget\" data-widget_type=\"text-editor.default\">\n\t\t\t\t<div class=\"elementor-widget-container\">\n\t\t\t\t\t        <div class=\"elementor-text-editor elementor-clearfix\"><p>This area includes activities supporting formal academic development, the integration of children into physical activity workshops, remedial classes, and the cultivation of essential social behaviors. The goal is to foster civic responsibility, respect for laws, and a commitment to the well-being of the wider community\u2014building their capacity to live harmoniously in society. This will be achieved through the following areas:<\/p><p>\u25cf School.<br>\u25cf Homework support and tutoring programs.<br>\u25cf Physical education.<br>\u25cf Civic education.<\/p><\/div>\n        \t\t\t\t<\/div>\n\t\t\t\t<\/div>\n\t\t\t\t\t<\/div>\n\t\t<\/div>\n\t\t\t\t\t<\/div>\n\t\t<\/section>\n\t\t\t\t\t<\/div>\n\t\t<\/div>\n\t\t\t\t\t<\/div>\n\t\t<\/section>\n\t\t\t\t<\/div>\n\t\t<\/body>","protected":false},"excerpt":{"rendered":"<p>Education This area includes activities supporting formal academic development, the integration of children into physical activity workshops, remedial classes, and the cultivation of essential social behaviors. The goal is to foster civic responsibility, respect for laws, and a commitment to the well-being of the wider community\u2014building their capacity to live harmoniously in society. This will [&hellip;]<\/p>","protected":false},"author":1,"featured_media":0,"parent":0,"menu_order":0,"comment_status":"closed","ping_status":"closed","template":"page-elementor.php","meta":{"give_campaign_id":0,"nf_dc_page":"","om_disable_all_campaigns":false,"inline_featured_image":false,"footnotes":""},"class_list":["post-11487","page","type-page","status-publish","hentry"],"yoast_head":"<!-- This site is optimized with the Yoast SEO plugin v27.2 - https:\/\/yoast.com\/product\/yoast-seo-wordpress\/ -->\n<title>Education - Fundaci\u00f3n Mabbua<\/title>\n<meta name=\"robots\" content=\"index, follow, max-snippet:-1, max-image-preview:large, max-video-preview:-1\" \/>\n<link rel=\"canonical\" href=\"https:\/\/fundacionmabbua.org\/en\/education\/\" \/>\n<meta property=\"og:locale\" content=\"en_US\" \/>\n<meta property=\"og:type\" content=\"article\" \/>\n<meta property=\"og:title\" content=\"Education - Fundaci\u00f3n Mabbua\" \/>\n<meta property=\"og:description\" content=\"Education This area includes activities supporting formal academic development, the integration of children into physical activity workshops, remedial classes, and the cultivation of essential social behaviors. The goal is to foster civic responsibility, respect for laws, and a commitment to the well-being of the wider community\u2014building their capacity to live harmoniously in society. This will [&hellip;]\" \/>\n<meta property=\"og:url\" content=\"https:\/\/fundacionmabbua.org\/en\/education\/\" \/>\n<meta property=\"og:site_name\" content=\"Fundaci\u00f3n Mabbua\" \/>\n<meta property=\"article:modified_time\" content=\"2025-07-03T16:48:24+00:00\" \/>\n<meta property=\"og:image\" content=\"https:\/\/fundacionmabbua.org\/wp-content\/uploads\/2022\/08\/educacion-1.png\" \/>\n\t<meta property=\"og:image:width\" content=\"747\" \/>\n\t<meta property=\"og:image:height\" content=\"833\" \/>\n\t<meta property=\"og:image:type\" content=\"image\/png\" \/>\n<meta name=\"twitter:card\" content=\"summary_large_image\" \/>\n<meta name=\"twitter:label1\" content=\"Est. reading time\" \/>\n\t<meta name=\"twitter:data1\" content=\"1 minute\" \/>\n<script type=\"application\/ld+json\" class=\"yoast-schema-graph\">{\"@context\":\"https:\/\/schema.org\",\"@graph\":[{\"@type\":\"WebPage\",\"@id\":\"https:\/\/fundacionmabbua.org\/en\/education\/\",\"url\":\"https:\/\/fundacionmabbua.org\/en\/education\/\",\"name\":\"Education - Fundaci\u00f3n Mabbua\",\"isPartOf\":{\"@id\":\"https:\/\/fundacionmabbua.org\/en\/#website\"},\"primaryImageOfPage\":{\"@id\":\"https:\/\/fundacionmabbua.org\/en\/education\/#primaryimage\"},\"image\":{\"@id\":\"https:\/\/fundacionmabbua.org\/en\/education\/#primaryimage\"},\"thumbnailUrl\":\"https:\/\/fundacionmabbua.org\/wp-content\/uploads\/2022\/08\/educacion-1.png\",\"datePublished\":\"2020-01-20T08:37:36+00:00\",\"dateModified\":\"2025-07-03T16:48:24+00:00\",\"breadcrumb\":{\"@id\":\"https:\/\/fundacionmabbua.org\/en\/education\/#breadcrumb\"},\"inLanguage\":\"en-US\",\"potentialAction\":[{\"@type\":\"ReadAction\",\"target\":[\"https:\/\/fundacionmabbua.org\/en\/education\/\"]}]},{\"@type\":\"ImageObject\",\"inLanguage\":\"en-US\",\"@id\":\"https:\/\/fundacionmabbua.org\/en\/education\/#primaryimage\",\"url\":\"https:\/\/fundacionmabbua.org\/wp-content\/uploads\/2022\/08\/educacion-1.png\",\"contentUrl\":\"https:\/\/fundacionmabbua.org\/wp-content\/uploads\/2022\/08\/educacion-1.png\"},{\"@type\":\"BreadcrumbList\",\"@id\":\"https:\/\/fundacionmabbua.org\/en\/education\/#breadcrumb\",\"itemListElement\":[{\"@type\":\"ListItem\",\"position\":1,\"name\":\"Home\",\"item\":\"https:\/\/fundacionmabbua.org\/en\/casa-mabbua\/\"},{\"@type\":\"ListItem\",\"position\":2,\"name\":\"Education\"}]},{\"@type\":\"WebSite\",\"@id\":\"https:\/\/fundacionmabbua.org\/en\/#website\",\"url\":\"https:\/\/fundacionmabbua.org\/en\/\",\"name\":\"Fundaci\u00f3n Mabbua\",\"description\":\"Fundaci\u00f3n Mabbua para apoyo a ni\u00f1os y jovenes\",\"publisher\":{\"@id\":\"https:\/\/fundacionmabbua.org\/en\/#organization\"},\"potentialAction\":[{\"@type\":\"SearchAction\",\"target\":{\"@type\":\"EntryPoint\",\"urlTemplate\":\"https:\/\/fundacionmabbua.org\/en\/?s={search_term_string}\"},\"query-input\":{\"@type\":\"PropertyValueSpecification\",\"valueRequired\":true,\"valueName\":\"search_term_string\"}}],\"inLanguage\":\"en-US\"},{\"@type\":\"Organization\",\"@id\":\"https:\/\/fundacionmabbua.org\/en\/#organization\",\"name\":\"Fundaci\u00f3n Mabbua\",\"url\":\"https:\/\/fundacionmabbua.org\/en\/\",\"logo\":{\"@type\":\"ImageObject\",\"inLanguage\":\"en-US\",\"@id\":\"https:\/\/fundacionmabbua.org\/en\/#\/schema\/logo\/image\/\",\"url\":\"https:\/\/fundacionmabbua.org\/wp-content\/uploads\/2024\/04\/logo_casa_mabua.svg\",\"contentUrl\":\"https:\/\/fundacionmabbua.org\/wp-content\/uploads\/2024\/04\/logo_casa_mabua.svg\",\"width\":693,\"height\":524,\"caption\":\"Fundaci\u00f3n Mabbua\"},\"image\":{\"@id\":\"https:\/\/fundacionmabbua.org\/en\/#\/schema\/logo\/image\/\"}}]}<\/script>\n<!-- \/ Yoast SEO plugin. -->","yoast_head_json":{"title":"Education - Fundaci\u00f3n Mabbua","robots":{"index":"index","follow":"follow","max-snippet":"max-snippet:-1","max-image-preview":"max-image-preview:large","max-video-preview":"max-video-preview:-1"},"canonical":"https:\/\/fundacionmabbua.org\/en\/education\/","og_locale":"en_US","og_type":"article","og_title":"Education - Fundaci\u00f3n Mabbua","og_description":"Education This area includes activities supporting formal academic development, the integration of children into physical activity workshops, remedial classes, and the cultivation of essential social behaviors. The goal is to foster civic responsibility, respect for laws, and a commitment to the well-being of the wider community\u2014building their capacity to live harmoniously in society. This will [&hellip;]","og_url":"https:\/\/fundacionmabbua.org\/en\/education\/","og_site_name":"Fundaci\u00f3n Mabbua","article_modified_time":"2025-07-03T16:48:24+00:00","og_image":[{"width":747,"height":833,"url":"https:\/\/fundacionmabbua.org\/wp-content\/uploads\/2022\/08\/educacion-1.png","type":"image\/png"}],"twitter_card":"summary_large_image","twitter_misc":{"Est. reading time":"1 minute"},"schema":{"@context":"https:\/\/schema.org","@graph":[{"@type":"WebPage","@id":"https:\/\/fundacionmabbua.org\/en\/education\/","url":"https:\/\/fundacionmabbua.org\/en\/education\/","name":"Education - Fundaci\u00f3n Mabbua","isPartOf":{"@id":"https:\/\/fundacionmabbua.org\/en\/#website"},"primaryImageOfPage":{"@id":"https:\/\/fundacionmabbua.org\/en\/education\/#primaryimage"},"image":{"@id":"https:\/\/fundacionmabbua.org\/en\/education\/#primaryimage"},"thumbnailUrl":"https:\/\/fundacionmabbua.org\/wp-content\/uploads\/2022\/08\/educacion-1.png","datePublished":"2020-01-20T08:37:36+00:00","dateModified":"2025-07-03T16:48:24+00:00","breadcrumb":{"@id":"https:\/\/fundacionmabbua.org\/en\/education\/#breadcrumb"},"inLanguage":"en-US","potentialAction":[{"@type":"ReadAction","target":["https:\/\/fundacionmabbua.org\/en\/education\/"]}]},{"@type":"ImageObject","inLanguage":"en-US","@id":"https:\/\/fundacionmabbua.org\/en\/education\/#primaryimage","url":"https:\/\/fundacionmabbua.org\/wp-content\/uploads\/2022\/08\/educacion-1.png","contentUrl":"https:\/\/fundacionmabbua.org\/wp-content\/uploads\/2022\/08\/educacion-1.png"},{"@type":"BreadcrumbList","@id":"https:\/\/fundacionmabbua.org\/en\/education\/#breadcrumb","itemListElement":[{"@type":"ListItem","position":1,"name":"Home","item":"https:\/\/fundacionmabbua.org\/en\/casa-mabbua\/"},{"@type":"ListItem","position":2,"name":"Education"}]},{"@type":"WebSite","@id":"https:\/\/fundacionmabbua.org\/en\/#website","url":"https:\/\/fundacionmabbua.org\/en\/","name":"Fundaci\u00f3n Mabbua","description":"Fundaci\u00f3n Mabbua para apoyo a ni\u00f1os y jovenes","publisher":{"@id":"https:\/\/fundacionmabbua.org\/en\/#organization"},"potentialAction":[{"@type":"SearchAction","target":{"@type":"EntryPoint","urlTemplate":"https:\/\/fundacionmabbua.org\/en\/?s={search_term_string}"},"query-input":{"@type":"PropertyValueSpecification","valueRequired":true,"valueName":"search_term_string"}}],"inLanguage":"en-US"},{"@type":"Organization","@id":"https:\/\/fundacionmabbua.org\/en\/#organization","name":"Fundaci\u00f3n Mabbua","url":"https:\/\/fundacionmabbua.org\/en\/","logo":{"@type":"ImageObject","inLanguage":"en-US","@id":"https:\/\/fundacionmabbua.org\/en\/#\/schema\/logo\/image\/","url":"https:\/\/fundacionmabbua.org\/wp-content\/uploads\/2024\/04\/logo_casa_mabua.svg","contentUrl":"https:\/\/fundacionmabbua.org\/wp-content\/uploads\/2024\/04\/logo_casa_mabua.svg","width":693,"height":524,"caption":"Fundaci\u00f3n Mabbua"},"image":{"@id":"https:\/\/fundacionmabbua.org\/en\/#\/schema\/logo\/image\/"}}]}},"campaignId":"","_links":{"self":[{"href":"https:\/\/fundacionmabbua.org\/en\/wp-json\/wp\/v2\/pages\/11487","targetHints":{"allow":["GET"]}}],"collection":[{"href":"https:\/\/fundacionmabbua.org\/en\/wp-json\/wp\/v2\/pages"}],"about":[{"href":"https:\/\/fundacionmabbua.org\/en\/wp-json\/wp\/v2\/types\/page"}],"author":[{"embeddable":true,"href":"https:\/\/fundacionmabbua.org\/en\/wp-json\/wp\/v2\/users\/1"}],"replies":[{"embeddable":true,"href":"https:\/\/fundacionmabbua.org\/en\/wp-json\/wp\/v2\/comments?post=11487"}],"version-history":[{"count":4,"href":"https:\/\/fundacionmabbua.org\/en\/wp-json\/wp\/v2\/pages\/11487\/revisions"}],"predecessor-version":[{"id":11492,"href":"https:\/\/fundacionmabbua.org\/en\/wp-json\/wp\/v2\/pages\/11487\/revisions\/11492"}],"wp:attachment":[{"href":"https:\/\/fundacionmabbua.org\/en\/wp-json\/wp\/v2\/media?parent=11487"}],"curies":[{"name":"wp","href":"https:\/\/api.w.org\/{rel}","templated":true}]}}