{"id":11414,"date":"2020-01-20T02:37:36","date_gmt":"2020-01-20T08:37:36","guid":{"rendered":"https:\/\/fundacionmabbua.org\/asistenciales-basicos-copia\/"},"modified":"2025-07-02T17:49:02","modified_gmt":"2025-07-02T23:49:02","slug":"basic-care-services","status":"publish","type":"page","link":"https:\/\/fundacionmabbua.org\/en\/basic-care-services\/","title":{"rendered":"Basic Care Services"},"content":{"rendered":"<body>\t\t<div data-elementor-type=\"wp-page\" data-elementor-id=\"11414\" class=\"elementor elementor-11414\">\n\t\t\t\t\t\t<section class=\"elementor-section elementor-top-section elementor-element elementor-element-82b19cf elementor-section-stretched elementor-section-boxed elementor-section-height-default elementor-section-height-default\" data-id=\"82b19cf\" data-element_type=\"section\" data-settings='{\"stretch_section\":\"section-stretched\",\"background_background\":\"classic\"}'>\n\t\t\t\t\t\t<div class=\"elementor-container elementor-column-gap-no\">\n\t\t\t\t\t<div class=\"elementor-column elementor-col-100 elementor-top-column elementor-element elementor-element-519bac9\" data-id=\"519bac9\" data-element_type=\"column\" data-settings='{\"background_background\":\"classic\"}'>\n\t\t\t<div class=\"elementor-widget-wrap elementor-element-populated\">\n\t\t\t\t\t\t<section class=\"elementor-section elementor-inner-section elementor-element elementor-element-9840169 elementor-section-boxed elementor-section-height-default elementor-section-height-default\" data-id=\"9840169\" data-element_type=\"section\">\n\t\t\t\t\t\t<div class=\"elementor-container elementor-column-gap-no\">\n\t\t\t\t\t<div class=\"elementor-column elementor-col-50 elementor-inner-column elementor-element elementor-element-c5e42e1\" data-id=\"c5e42e1\" data-element_type=\"column\">\n\t\t\t<div class=\"elementor-widget-wrap elementor-element-populated\">\n\t\t\t\t\t\t<div class=\"elementor-element elementor-element-e7bd377 elementor-widget elementor-widget-image\" data-id=\"e7bd377\" data-element_type=\"widget\" data-widget_type=\"image.default\">\n\t\t\t\t<div class=\"elementor-widget-container\">\n\t\t\t\t\t\t\t\t\t\t\t\t\t\t\t<img loading=\"lazy\" decoding=\"async\" width=\"697\" height=\"698\" src=\"https:\/\/fundacionmabbua.org\/wp-content\/uploads\/2022\/08\/asistenciales.png\" class=\"attachment-full size-full wp-image-10698\" alt=\"\" srcset=\"https:\/\/fundacionmabbua.org\/wp-content\/uploads\/2022\/08\/asistenciales.png 697w, https:\/\/fundacionmabbua.org\/wp-content\/uploads\/2022\/08\/asistenciales-300x300.png 300w, https:\/\/fundacionmabbua.org\/wp-content\/uploads\/2022\/08\/asistenciales-150x150.png 150w, https:\/\/fundacionmabbua.org\/wp-content\/uploads\/2022\/08\/asistenciales-12x12.png 12w, https:\/\/fundacionmabbua.org\/wp-content\/uploads\/2022\/08\/asistenciales-400x401.png 400w, https:\/\/fundacionmabbua.org\/wp-content\/uploads\/2022\/08\/asistenciales-160x160.png 160w, https:\/\/fundacionmabbua.org\/wp-content\/uploads\/2022\/08\/asistenciales-100x100.png 100w\" sizes=\"auto, (max-width: 697px) 100vw, 697px\">\t\t\t\t\t\t\t\t\t\t\t\t\t\t\t<\/div>\n\t\t\t\t<\/div>\n\t\t\t\t\t<\/div>\n\t\t<\/div>\n\t\t\t\t<div class=\"elementor-column elementor-col-50 elementor-inner-column elementor-element elementor-element-afa7211\" data-id=\"afa7211\" data-element_type=\"column\">\n\t\t\t<div class=\"elementor-widget-wrap elementor-element-populated\">\n\t\t\t\t\t\t<div class=\"elementor-element elementor-element-677dcc5 elementor-align-left elementor-widget__width-initial elementor-widget elementor-widget-heading\" data-id=\"677dcc5\" data-element_type=\"widget\" data-widget_type=\"heading.default\">\n\t\t\t\t<div class=\"elementor-widget-container\">\n\t\t\t\t\t<span class=\"sub-title\"><br><\/span><h1 class=\"elementor-heading-title elementor-size-default\">BASIC CARE SERVICES<\/h1>\t\t\t\t<\/div>\n\t\t\t\t<\/div>\n\t\t\t\t<div class=\"elementor-element elementor-element-6f74195 elementor-widget elementor-widget-text-editor\" data-id=\"6f74195\" data-element_type=\"widget\" data-widget_type=\"text-editor.default\">\n\t\t\t\t<div class=\"elementor-widget-container\">\n\t\t\t\t\t        <div class=\"elementor-text-editor elementor-clearfix\"><p>To support the healthy growth and development of children\u2019s physical, intellectual,<br>emotional, and social capacities, the following areas will be addressed:<\/p><p>\u25cf Nutrition.<br>\u25cf Clothing.<br>\u25cf Housing.<br>\u25cf Play and recreation.<br>\u25cf Rest.<br>\u25cf Protection.<\/p><\/div>\n        \t\t\t\t<\/div>\n\t\t\t\t<\/div>\n\t\t\t\t\t<\/div>\n\t\t<\/div>\n\t\t\t\t\t<\/div>\n\t\t<\/section>\n\t\t\t\t\t<\/div>\n\t\t<\/div>\n\t\t\t\t\t<\/div>\n\t\t<\/section>\n\t\t\t\t<\/div>\n\t\t<\/body>","protected":false},"excerpt":{"rendered":"<p>BASIC CARE SERVICES To support the healthy growth and development of children\u2019s physical, intellectual, emotional, and social capacities, the following areas will be addressed: \u25cf Nutrition. \u25cf Clothing. \u25cf Housing. \u25cf Play and recreation. \u25cf Rest. \u25cf Protection.<\/p>","protected":false},"author":1,"featured_media":0,"parent":0,"menu_order":0,"comment_status":"closed","ping_status":"closed","template":"page-elementor.php","meta":{"give_campaign_id":0,"nf_dc_page":"","om_disable_all_campaigns":false,"inline_featured_image":false,"footnotes":""},"class_list":["post-11414","page","type-page","status-publish","hentry"],"yoast_head":"<!-- This site is optimized with the Yoast SEO plugin v27.2 - https:\/\/yoast.com\/product\/yoast-seo-wordpress\/ -->\n<title>Basic Care Services - Fundaci\u00f3n Mabbua<\/title>\n<meta name=\"robots\" content=\"index, follow, max-snippet:-1, max-image-preview:large, max-video-preview:-1\" \/>\n<link rel=\"canonical\" href=\"https:\/\/fundacionmabbua.org\/en\/basic-care-services\/\" \/>\n<meta property=\"og:locale\" content=\"en_US\" \/>\n<meta property=\"og:type\" content=\"article\" \/>\n<meta property=\"og:title\" content=\"Basic Care Services - Fundaci\u00f3n Mabbua\" \/>\n<meta property=\"og:description\" content=\"BASIC CARE SERVICES To support the healthy growth and development of children\u2019s physical, intellectual, emotional, and social capacities, the following areas will be addressed: \u25cf Nutrition. \u25cf Clothing. \u25cf Housing. \u25cf Play and recreation. \u25cf Rest. \u25cf Protection.\" \/>\n<meta property=\"og:url\" content=\"https:\/\/fundacionmabbua.org\/en\/basic-care-services\/\" \/>\n<meta property=\"og:site_name\" content=\"Fundaci\u00f3n Mabbua\" \/>\n<meta property=\"article:modified_time\" content=\"2025-07-02T23:49:02+00:00\" \/>\n<meta property=\"og:image\" content=\"https:\/\/fundacionmabbua.org\/wp-content\/uploads\/2022\/08\/asistenciales.png\" \/>\n<meta name=\"twitter:card\" content=\"summary_large_image\" \/>\n<meta name=\"twitter:label1\" content=\"Est. reading time\" \/>\n\t<meta name=\"twitter:data1\" content=\"1 minute\" \/>\n<script type=\"application\/ld+json\" class=\"yoast-schema-graph\">{\"@context\":\"https:\/\/schema.org\",\"@graph\":[{\"@type\":\"WebPage\",\"@id\":\"https:\/\/fundacionmabbua.org\/en\/basic-care-services\/\",\"url\":\"https:\/\/fundacionmabbua.org\/en\/basic-care-services\/\",\"name\":\"Basic Care Services - Fundaci\u00f3n Mabbua\",\"isPartOf\":{\"@id\":\"https:\/\/fundacionmabbua.org\/en\/#website\"},\"primaryImageOfPage\":{\"@id\":\"https:\/\/fundacionmabbua.org\/en\/basic-care-services\/#primaryimage\"},\"image\":{\"@id\":\"https:\/\/fundacionmabbua.org\/en\/basic-care-services\/#primaryimage\"},\"thumbnailUrl\":\"https:\/\/fundacionmabbua.org\/wp-content\/uploads\/2022\/08\/asistenciales.png\",\"datePublished\":\"2020-01-20T08:37:36+00:00\",\"dateModified\":\"2025-07-02T23:49:02+00:00\",\"breadcrumb\":{\"@id\":\"https:\/\/fundacionmabbua.org\/en\/basic-care-services\/#breadcrumb\"},\"inLanguage\":\"en-US\",\"potentialAction\":[{\"@type\":\"ReadAction\",\"target\":[\"https:\/\/fundacionmabbua.org\/en\/basic-care-services\/\"]}]},{\"@type\":\"ImageObject\",\"inLanguage\":\"en-US\",\"@id\":\"https:\/\/fundacionmabbua.org\/en\/basic-care-services\/#primaryimage\",\"url\":\"https:\/\/fundacionmabbua.org\/wp-content\/uploads\/2022\/08\/asistenciales.png\",\"contentUrl\":\"https:\/\/fundacionmabbua.org\/wp-content\/uploads\/2022\/08\/asistenciales.png\"},{\"@type\":\"BreadcrumbList\",\"@id\":\"https:\/\/fundacionmabbua.org\/en\/basic-care-services\/#breadcrumb\",\"itemListElement\":[{\"@type\":\"ListItem\",\"position\":1,\"name\":\"Home\",\"item\":\"https:\/\/fundacionmabbua.org\/en\/casa-mabbua\/\"},{\"@type\":\"ListItem\",\"position\":2,\"name\":\"Basic Care Services\"}]},{\"@type\":\"WebSite\",\"@id\":\"https:\/\/fundacionmabbua.org\/en\/#website\",\"url\":\"https:\/\/fundacionmabbua.org\/en\/\",\"name\":\"Fundaci\u00f3n Mabbua\",\"description\":\"Fundaci\u00f3n Mabbua para apoyo a ni\u00f1os y jovenes\",\"publisher\":{\"@id\":\"https:\/\/fundacionmabbua.org\/en\/#organization\"},\"potentialAction\":[{\"@type\":\"SearchAction\",\"target\":{\"@type\":\"EntryPoint\",\"urlTemplate\":\"https:\/\/fundacionmabbua.org\/en\/?s={search_term_string}\"},\"query-input\":{\"@type\":\"PropertyValueSpecification\",\"valueRequired\":true,\"valueName\":\"search_term_string\"}}],\"inLanguage\":\"en-US\"},{\"@type\":\"Organization\",\"@id\":\"https:\/\/fundacionmabbua.org\/en\/#organization\",\"name\":\"Fundaci\u00f3n Mabbua\",\"url\":\"https:\/\/fundacionmabbua.org\/en\/\",\"logo\":{\"@type\":\"ImageObject\",\"inLanguage\":\"en-US\",\"@id\":\"https:\/\/fundacionmabbua.org\/en\/#\/schema\/logo\/image\/\",\"url\":\"https:\/\/fundacionmabbua.org\/wp-content\/uploads\/2024\/04\/logo_casa_mabua.svg\",\"contentUrl\":\"https:\/\/fundacionmabbua.org\/wp-content\/uploads\/2024\/04\/logo_casa_mabua.svg\",\"width\":693,\"height\":524,\"caption\":\"Fundaci\u00f3n Mabbua\"},\"image\":{\"@id\":\"https:\/\/fundacionmabbua.org\/en\/#\/schema\/logo\/image\/\"}}]}<\/script>\n<!-- \/ Yoast SEO plugin. -->","yoast_head_json":{"title":"Basic Care Services - Fundaci\u00f3n Mabbua","robots":{"index":"index","follow":"follow","max-snippet":"max-snippet:-1","max-image-preview":"max-image-preview:large","max-video-preview":"max-video-preview:-1"},"canonical":"https:\/\/fundacionmabbua.org\/en\/basic-care-services\/","og_locale":"en_US","og_type":"article","og_title":"Basic Care Services - Fundaci\u00f3n Mabbua","og_description":"BASIC CARE SERVICES To support the healthy growth and development of children\u2019s physical, intellectual, emotional, and social capacities, the following areas will be addressed: \u25cf Nutrition. \u25cf Clothing. \u25cf Housing. \u25cf Play and recreation. \u25cf Rest. \u25cf Protection.","og_url":"https:\/\/fundacionmabbua.org\/en\/basic-care-services\/","og_site_name":"Fundaci\u00f3n Mabbua","article_modified_time":"2025-07-02T23:49:02+00:00","og_image":[{"url":"https:\/\/fundacionmabbua.org\/wp-content\/uploads\/2022\/08\/asistenciales.png","type":"","width":"","height":""}],"twitter_card":"summary_large_image","twitter_misc":{"Est. reading time":"1 minute"},"schema":{"@context":"https:\/\/schema.org","@graph":[{"@type":"WebPage","@id":"https:\/\/fundacionmabbua.org\/en\/basic-care-services\/","url":"https:\/\/fundacionmabbua.org\/en\/basic-care-services\/","name":"Basic Care Services - Fundaci\u00f3n Mabbua","isPartOf":{"@id":"https:\/\/fundacionmabbua.org\/en\/#website"},"primaryImageOfPage":{"@id":"https:\/\/fundacionmabbua.org\/en\/basic-care-services\/#primaryimage"},"image":{"@id":"https:\/\/fundacionmabbua.org\/en\/basic-care-services\/#primaryimage"},"thumbnailUrl":"https:\/\/fundacionmabbua.org\/wp-content\/uploads\/2022\/08\/asistenciales.png","datePublished":"2020-01-20T08:37:36+00:00","dateModified":"2025-07-02T23:49:02+00:00","breadcrumb":{"@id":"https:\/\/fundacionmabbua.org\/en\/basic-care-services\/#breadcrumb"},"inLanguage":"en-US","potentialAction":[{"@type":"ReadAction","target":["https:\/\/fundacionmabbua.org\/en\/basic-care-services\/"]}]},{"@type":"ImageObject","inLanguage":"en-US","@id":"https:\/\/fundacionmabbua.org\/en\/basic-care-services\/#primaryimage","url":"https:\/\/fundacionmabbua.org\/wp-content\/uploads\/2022\/08\/asistenciales.png","contentUrl":"https:\/\/fundacionmabbua.org\/wp-content\/uploads\/2022\/08\/asistenciales.png"},{"@type":"BreadcrumbList","@id":"https:\/\/fundacionmabbua.org\/en\/basic-care-services\/#breadcrumb","itemListElement":[{"@type":"ListItem","position":1,"name":"Home","item":"https:\/\/fundacionmabbua.org\/en\/casa-mabbua\/"},{"@type":"ListItem","position":2,"name":"Basic Care Services"}]},{"@type":"WebSite","@id":"https:\/\/fundacionmabbua.org\/en\/#website","url":"https:\/\/fundacionmabbua.org\/en\/","name":"Fundaci\u00f3n Mabbua","description":"Fundaci\u00f3n Mabbua para apoyo a ni\u00f1os y jovenes","publisher":{"@id":"https:\/\/fundacionmabbua.org\/en\/#organization"},"potentialAction":[{"@type":"SearchAction","target":{"@type":"EntryPoint","urlTemplate":"https:\/\/fundacionmabbua.org\/en\/?s={search_term_string}"},"query-input":{"@type":"PropertyValueSpecification","valueRequired":true,"valueName":"search_term_string"}}],"inLanguage":"en-US"},{"@type":"Organization","@id":"https:\/\/fundacionmabbua.org\/en\/#organization","name":"Fundaci\u00f3n Mabbua","url":"https:\/\/fundacionmabbua.org\/en\/","logo":{"@type":"ImageObject","inLanguage":"en-US","@id":"https:\/\/fundacionmabbua.org\/en\/#\/schema\/logo\/image\/","url":"https:\/\/fundacionmabbua.org\/wp-content\/uploads\/2024\/04\/logo_casa_mabua.svg","contentUrl":"https:\/\/fundacionmabbua.org\/wp-content\/uploads\/2024\/04\/logo_casa_mabua.svg","width":693,"height":524,"caption":"Fundaci\u00f3n Mabbua"},"image":{"@id":"https:\/\/fundacionmabbua.org\/en\/#\/schema\/logo\/image\/"}}]}},"campaignId":"","_links":{"self":[{"href":"https:\/\/fundacionmabbua.org\/en\/wp-json\/wp\/v2\/pages\/11414","targetHints":{"allow":["GET"]}}],"collection":[{"href":"https:\/\/fundacionmabbua.org\/en\/wp-json\/wp\/v2\/pages"}],"about":[{"href":"https:\/\/fundacionmabbua.org\/en\/wp-json\/wp\/v2\/types\/page"}],"author":[{"embeddable":true,"href":"https:\/\/fundacionmabbua.org\/en\/wp-json\/wp\/v2\/users\/1"}],"replies":[{"embeddable":true,"href":"https:\/\/fundacionmabbua.org\/en\/wp-json\/wp\/v2\/comments?post=11414"}],"version-history":[{"count":5,"href":"https:\/\/fundacionmabbua.org\/en\/wp-json\/wp\/v2\/pages\/11414\/revisions"}],"predecessor-version":[{"id":11426,"href":"https:\/\/fundacionmabbua.org\/en\/wp-json\/wp\/v2\/pages\/11414\/revisions\/11426"}],"wp:attachment":[{"href":"https:\/\/fundacionmabbua.org\/en\/wp-json\/wp\/v2\/media?parent=11414"}],"curies":[{"name":"wp","href":"https:\/\/api.w.org\/{rel}","templated":true}]}}